{"id":979,"date":"2019-09-16T21:17:17","date_gmt":"2019-09-17T03:17:17","guid":{"rendered":"https:\/\/wp.laboratoriosvillarreal.com\/?page_id=979"},"modified":"2023-07-01T21:04:03","modified_gmt":"2023-07-02T03:04:03","slug":"lv-verificador-017","status":"publish","type":"page","link":"https:\/\/wp.laboratoriosvillarreal.com\/index.php\/lv-verificador-017\/","title":{"rendered":"LHV &#8211; VERIFICADOR DE HIGIENE MELISSA &#8211; MONTERREY"},"content":{"rendered":"\n<p><strong>Verificadora de Higiene y Microbi\u00f3loga &#8211; Laboratorio Monterrey         <\/strong>                                                                                               <\/p>\n\n\n\n<figure class=\"wp-block-image size-large is-resized\"><img loading=\"lazy\" decoding=\"async\" src=\"https:\/\/wp.laboratoriosvillarreal.com\/wp-content\/uploads\/2023\/07\/MELISSA1-1013x1024.jpg\" alt=\"\" class=\"wp-image-1728\" width=\"517\" height=\"522\" srcset=\"https:\/\/wp.laboratoriosvillarreal.com\/wp-content\/uploads\/2023\/07\/MELISSA1-1013x1024.jpg 1013w, https:\/\/wp.laboratoriosvillarreal.com\/wp-content\/uploads\/2023\/07\/MELISSA1-297x300.jpg 297w, https:\/\/wp.laboratoriosvillarreal.com\/wp-content\/uploads\/2023\/07\/MELISSA1-150x150.jpg 150w, https:\/\/wp.laboratoriosvillarreal.com\/wp-content\/uploads\/2023\/07\/MELISSA1-768x776.jpg 768w, https:\/\/wp.laboratoriosvillarreal.com\/wp-content\/uploads\/2023\/07\/MELISSA1-100x100.jpg 100w, https:\/\/wp.laboratoriosvillarreal.com\/wp-content\/uploads\/2023\/07\/MELISSA1.jpg 1221w\" sizes=\"auto, (max-width: 517px) 100vw, 517px\" \/><figcaption class=\"wp-element-caption\"><em><strong>MELISSA MAGA\u00d1A<\/strong><\/em><\/figcaption><\/figure>\n\n\n\n<p><strong>L.I.A. MELISSA MAGA\u00d1A<\/strong><\/p>\n\n\n\n<figure class=\"wp-block-image size-large\"><img loading=\"lazy\" decoding=\"async\" width=\"1024\" height=\"807\" src=\"https:\/\/wp.laboratoriosvillarreal.com\/wp-content\/uploads\/2023\/06\/CREDENCIAL-MELISSA-MTY-3-1024x807.jpg\" alt=\"\" class=\"wp-image-1654\" srcset=\"https:\/\/wp.laboratoriosvillarreal.com\/wp-content\/uploads\/2023\/06\/CREDENCIAL-MELISSA-MTY-3-1024x807.jpg 1024w, https:\/\/wp.laboratoriosvillarreal.com\/wp-content\/uploads\/2023\/06\/CREDENCIAL-MELISSA-MTY-3-300x236.jpg 300w, https:\/\/wp.laboratoriosvillarreal.com\/wp-content\/uploads\/2023\/06\/CREDENCIAL-MELISSA-MTY-3-768x605.jpg 768w, https:\/\/wp.laboratoriosvillarreal.com\/wp-content\/uploads\/2023\/06\/CREDENCIAL-MELISSA-MTY-3.jpg 1307w\" sizes=\"auto, (max-width: 767px) 89vw, (max-width: 1000px) 54vw, (max-width: 1071px) 543px, 580px\" \/><\/figure>\n\n\n\n<p>Licenciatura en: <strong>Qu\u00edmico Farmac\u00e9utico Bi\u00f3logo<\/strong>                                                                                                             Facultad de Ciencias Qu\u00edmicas, Universidad Aut\u00f3noma de Nuevo Le\u00f3n                                                        Estatus: <strong>Pasante  <\/strong>       <\/p>\n\n\n\n<p>Trabaja en Laboratorios Villarreal desde: Septiembre 2016                                                                              IMSS: 18169192087                                                                                                             <\/p>\n\n\n\n<figure class=\"wp-block-image\"><img loading=\"lazy\" decoding=\"async\" width=\"960\" height=\"720\" src=\"https:\/\/wp.laboratoriosvillarreal.com\/wp-content\/uploads\/2019\/09\/Diapositiva9-2.jpg\" alt=\"\" class=\"wp-image-1219\" srcset=\"https:\/\/wp.laboratoriosvillarreal.com\/wp-content\/uploads\/2019\/09\/Diapositiva9-2.jpg 960w, https:\/\/wp.laboratoriosvillarreal.com\/wp-content\/uploads\/2019\/09\/Diapositiva9-2-300x225.jpg 300w, https:\/\/wp.laboratoriosvillarreal.com\/wp-content\/uploads\/2019\/09\/Diapositiva9-2-768x576.jpg 768w\" sizes=\"auto, (max-width: 767px) 89vw, (max-width: 1000px) 54vw, (max-width: 1071px) 543px, 580px\" \/><\/figure>\n","protected":false},"excerpt":{"rendered":"<p>Verificadora de Higiene y Microbi\u00f3loga &#8211; Laboratorio Monterrey L.I.A. MELISSA MAGA\u00d1A Licenciatura en: Qu\u00edmico Farmac\u00e9utico Bi\u00f3logo Facultad de Ciencias Qu\u00edmicas, Universidad Aut\u00f3noma de Nuevo Le\u00f3n Estatus: Pasante Trabaja en Laboratorios Villarreal desde: Septiembre 2016 IMSS: 18169192087<\/p>\n","protected":false},"author":2,"featured_media":0,"parent":0,"menu_order":0,"comment_status":"closed","ping_status":"closed","template":"","meta":{"footnotes":""},"class_list":["post-979","page","type-page","status-publish","hentry"],"_links":{"self":[{"href":"https:\/\/wp.laboratoriosvillarreal.com\/index.php\/wp-json\/wp\/v2\/pages\/979","targetHints":{"allow":["GET"]}}],"collection":[{"href":"https:\/\/wp.laboratoriosvillarreal.com\/index.php\/wp-json\/wp\/v2\/pages"}],"about":[{"href":"https:\/\/wp.laboratoriosvillarreal.com\/index.php\/wp-json\/wp\/v2\/types\/page"}],"author":[{"embeddable":true,"href":"https:\/\/wp.laboratoriosvillarreal.com\/index.php\/wp-json\/wp\/v2\/users\/2"}],"replies":[{"embeddable":true,"href":"https:\/\/wp.laboratoriosvillarreal.com\/index.php\/wp-json\/wp\/v2\/comments?post=979"}],"version-history":[{"count":11,"href":"https:\/\/wp.laboratoriosvillarreal.com\/index.php\/wp-json\/wp\/v2\/pages\/979\/revisions"}],"predecessor-version":[{"id":1729,"href":"https:\/\/wp.laboratoriosvillarreal.com\/index.php\/wp-json\/wp\/v2\/pages\/979\/revisions\/1729"}],"wp:attachment":[{"href":"https:\/\/wp.laboratoriosvillarreal.com\/index.php\/wp-json\/wp\/v2\/media?parent=979"}],"curies":[{"name":"wp","href":"https:\/\/api.w.org\/{rel}","templated":true}]}}