{"id":971,"date":"2019-09-16T21:14:29","date_gmt":"2019-09-17T03:14:29","guid":{"rendered":"https:\/\/wp.laboratoriosvillarreal.com\/?page_id=971"},"modified":"2023-07-01T21:00:44","modified_gmt":"2023-07-02T03:00:44","slug":"lv-verificador-015","status":"publish","type":"page","link":"https:\/\/wp.laboratoriosvillarreal.com\/index.php\/lv-verificador-015\/","title":{"rendered":"LHV &#8211; VERIFICADOR DE HIGIENE: MARIELA &#8211; VERACRUZ"},"content":{"rendered":"\n<figure class=\"wp-block-image is-resized\"><img loading=\"lazy\" decoding=\"async\" src=\"https:\/\/wp.laboratoriosvillarreal.com\/wp-content\/uploads\/2019\/09\/MARIELA-FOTO.png\" alt=\"\" class=\"wp-image-815\" width=\"439\" height=\"523\" srcset=\"https:\/\/wp.laboratoriosvillarreal.com\/wp-content\/uploads\/2019\/09\/MARIELA-FOTO.png 279w, https:\/\/wp.laboratoriosvillarreal.com\/wp-content\/uploads\/2019\/09\/MARIELA-FOTO-251x300.png 251w\" sizes=\"auto, (max-width: 439px) 100vw, 439px\" \/><figcaption class=\"wp-element-caption\"><strong>MARIELA CANALES HERNANDEZ<\/strong><\/figcaption><\/figure>\n\n\n\n<p>Licenciatura en: <strong>Qu\u00edmica Cl\u00ednica    <\/strong>                                                                                                                                  Facultad de Bioan\u00e1lisis, Universidad Veracruzana                                                                                                 <strong>C\u00e9dula Profesional: 11021537<\/strong><\/p>\n\n\n\n<figure class=\"wp-block-image size-large\"><img loading=\"lazy\" decoding=\"async\" width=\"1024\" height=\"807\" src=\"https:\/\/wp.laboratoriosvillarreal.com\/wp-content\/uploads\/2023\/06\/CREDENCIAL-MARIELA-VER-1024x807.jpg\" alt=\"\" class=\"wp-image-1634\" srcset=\"https:\/\/wp.laboratoriosvillarreal.com\/wp-content\/uploads\/2023\/06\/CREDENCIAL-MARIELA-VER-1024x807.jpg 1024w, https:\/\/wp.laboratoriosvillarreal.com\/wp-content\/uploads\/2023\/06\/CREDENCIAL-MARIELA-VER-300x236.jpg 300w, https:\/\/wp.laboratoriosvillarreal.com\/wp-content\/uploads\/2023\/06\/CREDENCIAL-MARIELA-VER-768x605.jpg 768w, https:\/\/wp.laboratoriosvillarreal.com\/wp-content\/uploads\/2023\/06\/CREDENCIAL-MARIELA-VER.jpg 1307w\" sizes=\"auto, (max-width: 767px) 89vw, (max-width: 1000px) 54vw, (max-width: 1071px) 543px, 580px\" \/><\/figure>\n\n\n\n<p>Trabaja en Laboratorios Villarreal desde:  Marzo 2018                                                                            IMSS: 65109307408<\/p>\n\n\n\n<figure class=\"wp-block-image\"><img loading=\"lazy\" decoding=\"async\" width=\"960\" height=\"720\" src=\"https:\/\/wp.laboratoriosvillarreal.com\/wp-content\/uploads\/2019\/09\/Diapositiva14-3.jpg\" alt=\"\" class=\"wp-image-1217\" srcset=\"https:\/\/wp.laboratoriosvillarreal.com\/wp-content\/uploads\/2019\/09\/Diapositiva14-3.jpg 960w, https:\/\/wp.laboratoriosvillarreal.com\/wp-content\/uploads\/2019\/09\/Diapositiva14-3-300x225.jpg 300w, https:\/\/wp.laboratoriosvillarreal.com\/wp-content\/uploads\/2019\/09\/Diapositiva14-3-768x576.jpg 768w\" sizes=\"auto, (max-width: 767px) 89vw, (max-width: 1000px) 54vw, (max-width: 1071px) 543px, 580px\" \/><\/figure>\n","protected":false},"excerpt":{"rendered":"<p>Licenciatura en: Qu\u00edmica Cl\u00ednica Facultad de Bioan\u00e1lisis, Universidad Veracruzana C\u00e9dula Profesional: 11021537 Trabaja en Laboratorios Villarreal desde: Marzo 2018 IMSS: 65109307408<\/p>\n","protected":false},"author":2,"featured_media":0,"parent":0,"menu_order":0,"comment_status":"closed","ping_status":"closed","template":"","meta":{"footnotes":""},"class_list":["post-971","page","type-page","status-publish","hentry"],"_links":{"self":[{"href":"https:\/\/wp.laboratoriosvillarreal.com\/index.php\/wp-json\/wp\/v2\/pages\/971","targetHints":{"allow":["GET"]}}],"collection":[{"href":"https:\/\/wp.laboratoriosvillarreal.com\/index.php\/wp-json\/wp\/v2\/pages"}],"about":[{"href":"https:\/\/wp.laboratoriosvillarreal.com\/index.php\/wp-json\/wp\/v2\/types\/page"}],"author":[{"embeddable":true,"href":"https:\/\/wp.laboratoriosvillarreal.com\/index.php\/wp-json\/wp\/v2\/users\/2"}],"replies":[{"embeddable":true,"href":"https:\/\/wp.laboratoriosvillarreal.com\/index.php\/wp-json\/wp\/v2\/comments?post=971"}],"version-history":[{"count":11,"href":"https:\/\/wp.laboratoriosvillarreal.com\/index.php\/wp-json\/wp\/v2\/pages\/971\/revisions"}],"predecessor-version":[{"id":1724,"href":"https:\/\/wp.laboratoriosvillarreal.com\/index.php\/wp-json\/wp\/v2\/pages\/971\/revisions\/1724"}],"wp:attachment":[{"href":"https:\/\/wp.laboratoriosvillarreal.com\/index.php\/wp-json\/wp\/v2\/media?parent=971"}],"curies":[{"name":"wp","href":"https:\/\/api.w.org\/{rel}","templated":true}]}}