{"id":87,"date":"2019-07-28T01:55:14","date_gmt":"2019-07-28T01:55:14","guid":{"rendered":"https:\/\/wp.laboratoriosvillarreal.com\/?page_id=87"},"modified":"2019-09-16T19:53:06","modified_gmt":"2019-09-17T01:53:06","slug":"depto-asesoria-para-verificaciones-secretaria-de-salud","status":"publish","type":"page","link":"https:\/\/wp.laboratoriosvillarreal.com\/index.php\/depto-asesoria-para-verificaciones-secretaria-de-salud\/","title":{"rendered":"Asesor\u00eda para Verificaciones Cofepris"},"content":{"rendered":"\n<p>Cuando el Cliente tiene la visita de un Verificador Sanitario  representante de la Secretaria de Salud (COFEPRIS), aplican un<strong> Acta de Verificaci\u00f3n Sanitaria<\/strong>, con base a la Ley General de Salud, por lo cual se debe dar respuesta a la Autoridad en tiempo y forma establecidos, por lo que se asigna un <strong>Asesor \/Instructor<\/strong>&nbsp; experto en <strong>MATERIA DE SANIDAD<\/strong> en: <\/p>\n\n\n\n<p>-Ley General de Salud (Federal y Estatal)<\/p>\n\n\n\n<p>-Reglamento de Control Sanitario en Productos y servicios<\/p>\n\n\n\n<p>-Reglamento de la Ley General de Salud en Materia de Control Sanitario<\/p>\n\n\n\n<p>&#8211;<strong><a href=\"http:\/\/www.dof.gob.mx\/normasOficiales\/3980\/salud\/salud.htm\">NOM-251-SSA1-2009<\/a><\/strong>: \u201cPracticas de Higiene en la Preparaci\u00f3n de Alimentos, Bebidas y Suplementos Alimenticios\u201d <\/p>\n\n\n\n<p>-Gu\u00eda para el&nbsp;\nVerificador Sanitario de Bienes y Servicios<\/p>\n\n\n\n<p>-Gu\u00eda del Cuestionario del Acta para la Verificaci\u00f3n de Buenas Practicas Sanitarias en Establecimientos.<\/p>\n\n\n\n<div class=\"wp-block-image\"><figure class=\"aligncenter is-resized\"><a href=\"http:\/\/www.laboratoriosvillarreal.com\/17_LGS.PDF\" target=\"_blank\" rel=\"noreferrer noopener\"><img loading=\"lazy\" decoding=\"async\" src=\"https:\/\/wp.laboratoriosvillarreal.com\/wp-content\/uploads\/2019\/08\/doc.jpg\" alt=\"\" class=\"wp-image-521\" width=\"537\" height=\"343\" srcset=\"https:\/\/wp.laboratoriosvillarreal.com\/wp-content\/uploads\/2019\/08\/doc.jpg 554w, https:\/\/wp.laboratoriosvillarreal.com\/wp-content\/uploads\/2019\/08\/doc-300x192.jpg 300w\" sizes=\"auto, (max-width: 537px) 100vw, 537px\" \/><\/a><\/figure><\/div>\n\n\n\n<h3 class=\"wp-block-heading\" style=\"text-align:left\"><strong>\u00bfQu\u00e9 sucede si tienes una visita de verificaci\u00f3n?<\/strong><\/h3>\n\n\n\n<p>A continuaci\u00f3n te informamos los derechos que tienes cuando se presenten a tu establecimiento un <strong>Verificador Sanitario <\/strong>con el prop\u00f3sito de llevar a cabo una verificaci\u00f3n:<\/p>\n\n\n\n<p>1.- <strong>Solicita la identificaci\u00f3n del verificador.<\/strong> El verificador te deber\u00e1 mostrar su credencial vigente, expedida por la autoridad sanitaria competente que lo acredite legalmente para desempe\u00f1ar dicha funci\u00f3n.  <\/p>\n\n\n\n<p><\/p>\n\n\n\n<dl>\n<dt>\u00c9stas deber\u00e1n contener:<\/dt>\n<li>Nombre y firma de la autoridad sanitaria y del verificador<\/li>\n<li>N\u00famero de folio.<\/li>\n<li>Fecha de expedici\u00f3n.<\/li>\n<li>Fecha de vigencia.<\/li>\n<li>La leyenda \u201cV\u00e1lida s\u00f3lo cuando exhibe orden de visita\u201d.<\/li>\n<li>Tel\u00e9fono para aclaraciones y quejas.<\/li>\n<dl>\n\n\n\n<p><\/p>\n\n\n\n<p>2.- <strong>Recibe la Orden de Verificaci\u00f3n<\/strong>. El verificador te deber\u00e1 entregar el original de la orden escrita, con las disposiciones legales que la fundamenten, con firma aut\u00f3grafa expedida por la autoridad competente y recabar, en la copia de la orden, tu nombre y firma de recibido.<\/p>\n\n\n\n<div class=\"wp-block-image\"><figure class=\"aligncenter is-resized\"><img loading=\"lazy\" decoding=\"async\" src=\"https:\/\/wp.laboratoriosvillarreal.com\/wp-content\/uploads\/2019\/09\/qr-verificador-sanitario.jpg\" alt=\"\" class=\"wp-image-922\" width=\"488\" height=\"267\" srcset=\"https:\/\/wp.laboratoriosvillarreal.com\/wp-content\/uploads\/2019\/09\/qr-verificador-sanitario.jpg 713w, https:\/\/wp.laboratoriosvillarreal.com\/wp-content\/uploads\/2019\/09\/qr-verificador-sanitario-300x164.jpg 300w\" sizes=\"auto, (max-width: 488px) 100vw, 488px\" \/><figcaption> Consulte el c\u00f3digo QR desde su celular, utilizando la aplicaci\u00f3n, o bien desde la p\u00e1gina web. <\/figcaption><\/figure><\/div>\n\n\n\n<p>3.- <strong>Conoce el prop\u00f3sito y alcance de la visita.<\/strong> En la orden de visita se debe precisar el objeto de la misma, su alcance y los datos del establecimiento que se va a verificar.<\/p>\n\n\n\n<p>4.- <strong>Designa a dos testigos que deber\u00e1n permanecer durante la visita.<\/strong>  Al inicio de la visita designar\u00e1s dos testigos que deber\u00e1n permanecer durante el desarrollo de la misma. Dichos testigos deben ser personas involucradas en el \u00e1rea para que realmente te sirvan como testigos. Si no deseas hacerlo, ser\u00e1n designados por el verificador, circunstancia que se har\u00e1 constar en el acta.<\/p>\n\n\n\n<p>5.- <strong>Conoce los hechos o circunstancias que se encuentren en la verificaci\u00f3n.<\/strong> En el acta que se levante con motivo de la verificaci\u00f3n se har\u00e1n constar las circunstancias de la misma, las deficiencias o irregularidades observadas, as\u00ed como las medidas de seguridad que se ejecuten.<\/p>\n\n\n\n<p>6.- <strong>Lee el acta de verificaci\u00f3n y recibe una copia<\/strong>. Deber\u00e1s leer el acta, recabar las firmas de las personas que intervinieron y recibir la copia de la misma. Si por alg\u00fan motivo te niegas a firmar o recibir la copia del acta o de la orden de visita, el verificador lo har\u00e1 constar en la propia acta y no se afectar\u00e1 su validez, ni la visita practicada.<\/p>\n\n\n\n<p>7.- <strong>Manifiesta en el acta lo que a tu derecho convenga.<\/strong> Al concluir la verificaci\u00f3n tendr\u00e1s la oportunidad de manifestar, por escrito, en el acta de verificaci\u00f3n lo que convenga a tu derecho. Debes exponer tus observaciones de manera clara, precisa y sin agredir a la autoridad.<\/p>\n\n\n\n<p>8.- <strong>Conoce el tipo de medidas de seguridad que se pueden aplicar. <\/strong>Las medidas de seguridad que se pueden aplicar al momento de llevar a cabo la verificaci\u00f3n se encuentran establecidas en las Leyes, Reglamentos y\/o Normatividad al respecto de lo que te est\u00e1n verificando de acuerdo al alcance y objetivo de la visita.<\/p>\n\n\n\n<p>9.- <strong>Establece la causa.<\/strong> Cuando proceda la \u201csuspensi\u00f3n de actividades\u201d durante la visita de verificaci\u00f3n se te debe indicar cual es  el riesgo sanitario.<\/p>\n\n\n\n<div class=\"wp-block-image\"><figure class=\"aligncenter is-resized\"><img loading=\"lazy\" decoding=\"async\" src=\"https:\/\/wp.laboratoriosvillarreal.com\/wp-content\/uploads\/2019\/08\/acta.jpg\" alt=\"\" class=\"wp-image-520\" width=\"569\" height=\"378\" srcset=\"https:\/\/wp.laboratoriosvillarreal.com\/wp-content\/uploads\/2019\/08\/acta.jpg 724w, https:\/\/wp.laboratoriosvillarreal.com\/wp-content\/uploads\/2019\/08\/acta-300x200.jpg 300w\" sizes=\"auto, (max-width: 569px) 100vw, 569px\" \/><\/figure><\/div>\n\n\n\n<p>Contamos con un curso: <strong>\u00abProcedimiento ante una visita de Verificaci\u00f3n Sanitaria\u00bb<\/strong>, en el cual se explica como debes proceder ante la visita de un Verificador Sanitario que representa la autoridad, quien te va a aplicar un ACTA DE VERIFICACION SANITARIA, y se debe dar respuesta de manera inmediata y de forma correcta, es decir en tiempo y forma.<\/p>\n","protected":false},"excerpt":{"rendered":"<p>Cuando el Cliente tiene la visita de un Verificador Sanitario representante de la Secretaria de Salud (COFEPRIS), aplican un Acta de Verificaci\u00f3n Sanitaria, con base a la Ley General de Salud, por lo cual se debe dar respuesta a la Autoridad en tiempo y forma establecidos, por lo que se asigna un Asesor \/Instructor&nbsp; experto &hellip; <\/p>\n<p class=\"link-more\"><a href=\"https:\/\/wp.laboratoriosvillarreal.com\/index.php\/depto-asesoria-para-verificaciones-secretaria-de-salud\/\" class=\"more-link\">Continuar leyendo<span class=\"screen-reader-text\"> \u00abAsesor\u00eda para Verificaciones Cofepris\u00bb<\/span><\/a><\/p>\n","protected":false},"author":1,"featured_media":0,"parent":0,"menu_order":0,"comment_status":"closed","ping_status":"closed","template":"","meta":{"footnotes":""},"class_list":["post-87","page","type-page","status-publish","hentry"],"_links":{"self":[{"href":"https:\/\/wp.laboratoriosvillarreal.com\/index.php\/wp-json\/wp\/v2\/pages\/87","targetHints":{"allow":["GET"]}}],"collection":[{"href":"https:\/\/wp.laboratoriosvillarreal.com\/index.php\/wp-json\/wp\/v2\/pages"}],"about":[{"href":"https:\/\/wp.laboratoriosvillarreal.com\/index.php\/wp-json\/wp\/v2\/types\/page"}],"author":[{"embeddable":true,"href":"https:\/\/wp.laboratoriosvillarreal.com\/index.php\/wp-json\/wp\/v2\/users\/1"}],"replies":[{"embeddable":true,"href":"https:\/\/wp.laboratoriosvillarreal.com\/index.php\/wp-json\/wp\/v2\/comments?post=87"}],"version-history":[{"count":37,"href":"https:\/\/wp.laboratoriosvillarreal.com\/index.php\/wp-json\/wp\/v2\/pages\/87\/revisions"}],"predecessor-version":[{"id":924,"href":"https:\/\/wp.laboratoriosvillarreal.com\/index.php\/wp-json\/wp\/v2\/pages\/87\/revisions\/924"}],"wp:attachment":[{"href":"https:\/\/wp.laboratoriosvillarreal.com\/index.php\/wp-json\/wp\/v2\/media?parent=87"}],"curies":[{"name":"wp","href":"https:\/\/api.w.org\/{rel}","templated":true}]}}