{"id":84,"date":"2019-07-28T01:53:26","date_gmt":"2019-07-28T01:53:26","guid":{"rendered":"https:\/\/wp.laboratoriosvillarreal.com\/?page_id=84"},"modified":"2019-09-16T12:00:12","modified_gmt":"2019-09-16T18:00:12","slug":"depto-de-asesoria-e-instruccion-para-obtencion-distintivo-h","status":"publish","type":"page","link":"https:\/\/wp.laboratoriosvillarreal.com\/index.php\/depto-de-asesoria-e-instruccion-para-obtencion-distintivo-h\/","title":{"rendered":"Asesor\u00eda para obtenci\u00f3n Distintivo \u00abH\u00bb"},"content":{"rendered":"\n<figure class=\"wp-block-image is-resized\"><a href=\"https:\/\/www.gob.mx\/sectur\/acciones-y-programas\/programa-manejo-higienico-de-los-alimentos-distintivo-h\" target=\"_blank\" rel=\"noreferrer noopener\"><img loading=\"lazy\" decoding=\"async\" src=\"https:\/\/wp.laboratoriosvillarreal.com\/wp-content\/uploads\/2019\/07\/logodh-1.png\" alt=\"\" class=\"wp-image-324\" width=\"635\" height=\"252\" srcset=\"https:\/\/wp.laboratoriosvillarreal.com\/wp-content\/uploads\/2019\/07\/logodh-1.png 903w, https:\/\/wp.laboratoriosvillarreal.com\/wp-content\/uploads\/2019\/07\/logodh-1-300x120.png 300w, https:\/\/wp.laboratoriosvillarreal.com\/wp-content\/uploads\/2019\/07\/logodh-1-768x306.png 768w\" sizes=\"auto, (max-width: 635px) 100vw, 635px\" \/><\/a><\/figure>\n\n\n\n<p><strong>El DISTINTIVO \u201cH\u201d es un programa de &nbsp;la Secretar\u00eda de Turismo que incide directamente en la promoci\u00f3n tur\u00edstica de M\u00e9xico ante el Mundo.                                           El DISTINTIVO \u201cH<\/strong>\u201d tiene como prop\u00f3sito fundamental:       <\/p>\n\n\n\n<p>A) <strong>Disminuir la incidencia de Enfermedades Transmitidas por Alimentos<\/strong> (ETAS) en los turistas Nacionales y Extranjeros.                                                                                                                  <\/p>\n\n\n\n<p>B) <strong>Mejorar la imagen Internacional de nuestro Pa\u00eds<\/strong> en Materia de prevenci\u00f3n y Control de Etas.<\/p>\n\n\n\n<p>Para obtener el <strong>Distintivo \u201cH\u201d<\/strong> se requiere de cumplir<\/p>\n\n\n\n<p> 1.- Contar, como m\u00ednimo; con el 80% de personal operativo&nbsp; y el 100% del personal de mandos medios y superiores, capacitados con el curso de MANEJO HIGI\u00c9NICOS DE ALIMENTOS, impartido por alg\u00fan Instructor\/Consultor Registrado por la SECTUR.    <\/p>\n\n\n\n<p> 2.- Cumplir con los requisitos de Higiene que exige la Norma:                                                                                                            <strong><a href=\"https:\/\/dof.gob.mx\/nota_detalle.php?codigo=5567750&amp;fecha=13\/08\/2019\">NMX-F-605-NORMEX-2018<\/a><\/strong> (Norma de cumplimiento Voluntario), descritos en la C\u00e9dula de Verificaci\u00f3n, en sus 2 categor\u00edas:    <\/p>\n\n\n\n<ul class=\"wp-block-list\"><li>Requisitos No cr\u00edticos&nbsp; se deben cumplir al 100%          <\/li><li>Requisitos Cr\u00edticos se deben cumplir al 90%<\/li><\/ul>\n\n\n\n<p>Cuando el Cliente decide contar con dicha certificaci\u00f3n, lo primero que debe hacer es buscar la asesor\u00eda de un <strong>Consultor registrado ante la SECTUR<\/strong>, quien se deber\u00e1 encargar de impartir el curso de capacitaci\u00f3n de \u00abManejo Higi\u00e9nico de Alimentos\u00bb con duraci\u00f3n m\u00ednima de 10 horas y de desarrollar las estrategias pertinentes para dar cumplimiento a los lineamientos que est\u00e1n descritos en la Norma y en la lista de Verificaci\u00f3n de la misma. Siendo el procedimiento el siguiente:  <\/p>\n\n\n\n<div class=\"wp-block-image\"><figure class=\"aligncenter is-resized\"><img loading=\"lazy\" decoding=\"async\" src=\"https:\/\/wp.laboratoriosvillarreal.com\/wp-content\/uploads\/2019\/07\/dh2-1.png\" alt=\"\" class=\"wp-image-326\" width=\"578\" height=\"512\" srcset=\"https:\/\/wp.laboratoriosvillarreal.com\/wp-content\/uploads\/2019\/07\/dh2-1.png 549w, https:\/\/wp.laboratoriosvillarreal.com\/wp-content\/uploads\/2019\/07\/dh2-1-300x266.png 300w\" sizes=\"auto, (max-width: 578px) 100vw, 578px\" \/><\/figure><\/div>\n\n\n\n<div class=\"wp-block-image\"><figure class=\"aligncenter is-resized\"><img loading=\"lazy\" decoding=\"async\" src=\"https:\/\/wp.laboratoriosvillarreal.com\/wp-content\/uploads\/2019\/08\/DH9-1.jpg\" alt=\"\" class=\"wp-image-559\" width=\"588\" height=\"313\" srcset=\"https:\/\/wp.laboratoriosvillarreal.com\/wp-content\/uploads\/2019\/08\/DH9-1.jpg 513w, https:\/\/wp.laboratoriosvillarreal.com\/wp-content\/uploads\/2019\/08\/DH9-1-300x160.jpg 300w\" sizes=\"auto, (max-width: 588px) 100vw, 588px\" \/><\/figure><\/div>\n\n\n\n<div class=\"wp-block-image\"><figure class=\"aligncenter\"><img loading=\"lazy\" decoding=\"async\" width=\"513\" height=\"234\" src=\"https:\/\/wp.laboratoriosvillarreal.com\/wp-content\/uploads\/2019\/08\/DH8.jpg\" alt=\"\" class=\"wp-image-564\" srcset=\"https:\/\/wp.laboratoriosvillarreal.com\/wp-content\/uploads\/2019\/08\/DH8.jpg 513w, https:\/\/wp.laboratoriosvillarreal.com\/wp-content\/uploads\/2019\/08\/DH8-300x137.jpg 300w\" sizes=\"auto, (max-width: 513px) 100vw, 513px\" \/><\/figure><\/div>\n\n\n\n<p>Logrando con la  <strong>CERTIFICACI\u00d3N de DISTINTIVO \u00abH\u00bb<\/strong>:                                                                                                La CONFIANZA de los CLIENTES al  <strong>GARANTIZARLE SU SALUD<\/strong>!<\/p>\n\n\n\n<div class=\"wp-block-image\"><figure class=\"aligncenter is-resized\"><img loading=\"lazy\" decoding=\"async\" src=\"https:\/\/wp.laboratoriosvillarreal.com\/wp-content\/uploads\/2019\/08\/dha.jpg\" alt=\"\" class=\"wp-image-568\" width=\"311\" height=\"358\" srcset=\"https:\/\/wp.laboratoriosvillarreal.com\/wp-content\/uploads\/2019\/08\/dha.jpg 381w, https:\/\/wp.laboratoriosvillarreal.com\/wp-content\/uploads\/2019\/08\/dha-260x300.jpg 260w\" sizes=\"auto, (max-width: 311px) 100vw, 311px\" \/><\/figure><\/div>\n\n\n\n<p><strong>EL CERTIFICADO DEL DISTINTIVO \u201cH\u201d<\/strong> presentado al cliente, tambi\u00e9n te sirve para crear conciencia en el personal:  desde el EJECUTIVO hasta el OPERATIVO, ya que esto se puede aplicar de forma:<\/p>\n\n\n\n<p>a) <strong>Personal en el Hogar<\/strong>&nbsp; (para bienestar propio y de la familia) <\/p>\n\n\n\n<p>b) <strong>Laboral en el trabajo<\/strong>&nbsp; (para bienestar de los dem\u00e1s) <\/p>\n\n\n\n<p><strong>En General se obtienen los siguientes Beneficios  <\/strong><\/p>\n\n\n<p><!--EndFragment--><\/p>\n\n\n<p class=\"has-background has-luminous-vivid-amber-background-color\"><strong> Para el CLIENTE:<\/strong><\/p>\n\n\n\n<ul>\n<li>&nbsp;Aumento de la confianza<\/li>\n<li>Sensaci\u00f3n de compromiso con \u00e9l<\/li>\n<li>Evaluaci\u00f3n favorable por parte del cliente<\/li>\n<li>Aumento de la probabilidad de regresar<\/li>\n<\/ul>\n\n<p class=\"has-background has-luminous-vivid-amber-background-color\"><strong>Para el PERSONAL:<\/strong><\/p>\n\n\n\n<ul class=\"wp-block-list\"><li>Significa un reto a lograr<\/li><li>Incrementa su autoestima<\/li><li>Desarrolla el orgullo por el trabajo bien hecho<\/li><li>Comprende lo que hace y se compromete<\/li><li>Desarrolla valores individuales<\/li><\/ul>\n\n\n\n<p class=\"has-background has-luminous-vivid-amber-background-color\"><strong>Para la EMPRESA:<\/strong><\/p>\n\n\n\n<ul class=\"wp-block-list\"><li>Unifica Valores organizacionales<\/li><li>&nbsp;Mejor control de los alimentos<\/li><li>&nbsp;Reducci\u00f3n de mermas<\/li><li>&nbsp;Desarrollo de Disciplina del personal<\/li><li>&nbsp;Asegura el cumplimiento de las normas<\/li><li>&nbsp;Mejor control de proveedores<\/li><li>&nbsp;Mayor Competitividad Nacional<\/li><\/ul>\n\n\n\n<p class=\"has-background has-luminous-vivid-amber-background-color\"><strong>Para el PAIS:<\/strong><\/p>\n\n\n\n<ul class=\"wp-block-list\"><li>Desarrollo de la Confianza en los Turistas<\/li><li>&nbsp;Aumento de Divisas por Turismo<\/li><li>&nbsp;Reducci\u00f3n de ETAS<\/li><li>&nbsp;Mejor imagen en el exterior<\/li><li>&nbsp;Mayor competitividad internacional<\/li><\/ul>\n\n\n\n<div class=\"wp-block-image\"><figure class=\"aligncenter is-resized\"><a href=\"http:\/\/www.laboratoriosvillarreal.com\/DH11.pdf\" target=\"_blank\" rel=\"noreferrer noopener\"><img loading=\"lazy\" decoding=\"async\" src=\"https:\/\/wp.laboratoriosvillarreal.com\/wp-content\/uploads\/2019\/08\/dh10.jpg\" alt=\"\" class=\"wp-image-632\" width=\"591\" height=\"440\" srcset=\"https:\/\/wp.laboratoriosvillarreal.com\/wp-content\/uploads\/2019\/08\/dh10.jpg 824w, https:\/\/wp.laboratoriosvillarreal.com\/wp-content\/uploads\/2019\/08\/dh10-300x223.jpg 300w, https:\/\/wp.laboratoriosvillarreal.com\/wp-content\/uploads\/2019\/08\/dh10-768x571.jpg 768w\" sizes=\"auto, (max-width: 591px) 100vw, 591px\" \/><\/a><\/figure><\/div>\n\n\n\n<p>&nbsp;&nbsp;&nbsp;&nbsp;<\/p>\n","protected":false},"excerpt":{"rendered":"<p>El DISTINTIVO \u201cH\u201d es un programa de &nbsp;la Secretar\u00eda de Turismo que incide directamente en la promoci\u00f3n tur\u00edstica de M\u00e9xico ante el Mundo. El DISTINTIVO \u201cH\u201d tiene como prop\u00f3sito fundamental: A) Disminuir la incidencia de Enfermedades Transmitidas por Alimentos (ETAS) en los turistas Nacionales y Extranjeros. B) Mejorar la imagen Internacional de nuestro Pa\u00eds en &hellip; <\/p>\n<p class=\"link-more\"><a href=\"https:\/\/wp.laboratoriosvillarreal.com\/index.php\/depto-de-asesoria-e-instruccion-para-obtencion-distintivo-h\/\" class=\"more-link\">Continuar leyendo<span class=\"screen-reader-text\"> \u00abAsesor\u00eda para obtenci\u00f3n Distintivo \u00abH\u00bb\u00bb<\/span><\/a><\/p>\n","protected":false},"author":1,"featured_media":0,"parent":0,"menu_order":0,"comment_status":"closed","ping_status":"closed","template":"","meta":{"footnotes":""},"class_list":["post-84","page","type-page","status-publish","hentry"],"_links":{"self":[{"href":"https:\/\/wp.laboratoriosvillarreal.com\/index.php\/wp-json\/wp\/v2\/pages\/84","targetHints":{"allow":["GET"]}}],"collection":[{"href":"https:\/\/wp.laboratoriosvillarreal.com\/index.php\/wp-json\/wp\/v2\/pages"}],"about":[{"href":"https:\/\/wp.laboratoriosvillarreal.com\/index.php\/wp-json\/wp\/v2\/types\/page"}],"author":[{"embeddable":true,"href":"https:\/\/wp.laboratoriosvillarreal.com\/index.php\/wp-json\/wp\/v2\/users\/1"}],"replies":[{"embeddable":true,"href":"https:\/\/wp.laboratoriosvillarreal.com\/index.php\/wp-json\/wp\/v2\/comments?post=84"}],"version-history":[{"count":24,"href":"https:\/\/wp.laboratoriosvillarreal.com\/index.php\/wp-json\/wp\/v2\/pages\/84\/revisions"}],"predecessor-version":[{"id":724,"href":"https:\/\/wp.laboratoriosvillarreal.com\/index.php\/wp-json\/wp\/v2\/pages\/84\/revisions\/724"}],"wp:attachment":[{"href":"https:\/\/wp.laboratoriosvillarreal.com\/index.php\/wp-json\/wp\/v2\/media?parent=84"}],"curies":[{"name":"wp","href":"https:\/\/api.w.org\/{rel}","templated":true}]}}