{"id":80,"date":"2019-07-28T01:51:35","date_gmt":"2019-07-28T01:51:35","guid":{"rendered":"https:\/\/wp.laboratoriosvillarreal.com\/?page_id=80"},"modified":"2019-09-16T12:02:57","modified_gmt":"2019-09-16T18:02:57","slug":"depto-de-capacitacion-en-normas-de-higiene","status":"publish","type":"page","link":"https:\/\/wp.laboratoriosvillarreal.com\/index.php\/depto-de-capacitacion-en-normas-de-higiene\/","title":{"rendered":"Capacitaci\u00f3n en Normas de Higiene"},"content":{"rendered":"\n<div class=\"wp-block-image\"><figure class=\"aligncenter is-resized\"><img loading=\"lazy\" decoding=\"async\" src=\"https:\/\/wp.laboratoriosvillarreal.com\/wp-content\/uploads\/2019\/07\/CAPA2.jpg\" alt=\"\" class=\"wp-image-305\" width=\"570\" height=\"315\" srcset=\"https:\/\/wp.laboratoriosvillarreal.com\/wp-content\/uploads\/2019\/07\/CAPA2.jpg 694w, https:\/\/wp.laboratoriosvillarreal.com\/wp-content\/uploads\/2019\/07\/CAPA2-300x166.jpg 300w\" sizes=\"auto, (max-width: 570px) 100vw, 570px\" \/><\/figure><\/div>\n\n\n\n<p><strong>CAPACITACI\u00d3N TE\u00d3RICA: <\/strong>contamos con cursos dise\u00f1ados para la capacitaci\u00f3n de adultos<\/p>\n\n\n\n<p class=\"has-background has-medium-font-size has-luminous-vivid-amber-background-color\"><strong>Los Cursos de mayor solicitud<\/strong>:        <\/p>\n\n\n\n<p><strong>1.- \u201cMANEJO HIGI\u00c9NICO DE ALIMENTOS PARA OBTENCI\u00d3N DEL DISTINTIVO \u201cH\u201d <\/strong>basados en la <a href=\"https:\/\/dof.gob.mx\/nota_detalle.php?codigo=5567750&amp;fecha=13\/08\/2019\" target=\"_blank\" rel=\"noreferrer noopener\" aria-label=\" (opens in a new tab)\">NMX-F-605-Normex-2018<\/a>. Duraci\u00f3n: 10 a 12 horas<\/p>\n\n\n\n<p><strong>2.- \u201cBUENAS PRACTICAS DE HIGIENE EN LA ELABORACI\u00d3N DE ALIMENTOS\u201d<\/strong> basados en la <a href=\"http:\/\/www.dof.gob.mx\/normasOficiales\/3980\/salud\/salud.htm\" target=\"_blank\" rel=\"noreferrer noopener\" aria-label=\"NOM-251-SSA1-2009 (opens in a new tab)\">NOM-251-SSA1-2009<\/a>. Duraci\u00f3n: 8 horas<\/p>\n\n\n\n<p><strong>3.-&nbsp; \u201cPROCEDIMIENTO ANTE UNA VISITA DE&nbsp; VERIFICACI\u00d3N SANITARIA DE COFEPRIS\u201d <\/strong>                                                                                                                                                                           basados en la<strong><a rel=\"noreferrer noopener\" aria-label=\" (opens in a new tab)\" href=\"http:\/\/www.salud.gob.mx\/unidades\/cdi\/nom\/compi\/rlgsmcsaeps.html\" target=\"_blank\"> <\/a><\/strong><a rel=\"noreferrer noopener\" aria-label=\" (opens in a new tab)\" href=\"http:\/\/www.salud.gob.mx\/unidades\/cdi\/nom\/compi\/rlgsmcsaeps.html\" target=\"_blank\">Ley General de Salud y Reglamento Sanitario<\/a>. Duraci\u00f3n: 5 horas<\/p>\n\n\n\n<p><strong>4.- \u201cREQUERIMIENTOS GENERALES PARA OBTENCI\u00d3N DEL DISTINTIVO \u201cH\u201d<\/strong>     Duraci\u00f3n: 6 horas<\/p>\n\n\n\n<p class=\"has-background has-medium-font-size has-light-green-cyan-background-color\"><strong>Cursos especializados:   <\/strong><\/p>\n\n\n\n<p><strong>5.- \u201cMANEJO HIGI\u00c9NICO DE ALIMENTOS EN RECEPCI\u00d3N Y ALMACENAMIENTO\u201d<\/strong> Duraci\u00f3n: 6 horas<\/p>\n\n\n\n<p><strong>6.- \u201cREQUERIMIENTOS GENERALES DE MANTENIMIENTO PARA OBTENCI\u00d3N DEL DISTINTIVO H\u201d.&nbsp; <\/strong>Duraci\u00f3n: 8 horas<\/p>\n\n\n\n<p><strong>7.- \u201cEVALUACI\u00d3N, SELECCI\u00d3N Y DESARROLLO DE PROVEEDORES&nbsp; SEGUROS DE ALIMENTOS\u201d<\/strong>. Duraci\u00f3n: 8 horas<\/p>\n\n\n\n<p><strong>8.- \u201cMANEJO DE ALIMENTOS ALERG\u00c9NICOS\u201d<\/strong>. Duraci\u00f3n: 8 horas. <\/p>\n\n\n\n<p><strong>9.-&nbsp; \u201cIMPLEMENTACION DE HACCP EN UNA COCINA<\/strong>. Duraci\u00f3n 10 horas.<\/p>\n\n\n\n<p><strong>10.-&nbsp; \u201cMANEJO HIGI\u00c9NICO DE ALIMENTOS ALINEADO A LA EC-0081<\/strong>.                           Duraci\u00f3n 30 horas: 20 horas teor\u00eda y 10 horas pr\u00e1ctica.<\/p>\n\n\n\n<p class=\"has-background has-medium-font-size has-pale-cyan-blue-background-color\"><strong>Cursos Nuevos     <\/strong><\/p>\n\n\n\n<p><strong> 11.-CURSO: \u201cREACCIONES ADVERSAS QUE PROVOCAN LOS ALIMENTOS\u00bb &nbsp;&nbsp;&nbsp;&nbsp;&nbsp;&nbsp;&nbsp;&nbsp;&nbsp;&nbsp;&nbsp;&nbsp;&nbsp;&nbsp;&nbsp;<\/strong><\/p>\n\n\n\n<div class=\"wp-block-image\"><figure class=\"aligncenter is-resized\"><img loading=\"lazy\" decoding=\"async\" src=\"https:\/\/wp.laboratoriosvillarreal.com\/wp-content\/uploads\/2019\/07\/CAPA3.png\" alt=\"\" class=\"wp-image-306\" width=\"318\" height=\"220\" srcset=\"https:\/\/wp.laboratoriosvillarreal.com\/wp-content\/uploads\/2019\/07\/CAPA3.png 436w, https:\/\/wp.laboratoriosvillarreal.com\/wp-content\/uploads\/2019\/07\/CAPA3-300x208.png 300w\" sizes=\"auto, (max-width: 318px) 100vw, 318px\" \/><\/figure><\/div>\n\n\n\n<p><strong>12.- CURSO\n\u201cCUMPLIMIENTO DE LA LEY GENERAL PARA EL&nbsp; CONTROL\nDEL TABACO Y SU REGLAMENTO\u201d<\/strong><\/p>\n\n\n\n<div class=\"wp-block-image\"><figure class=\"aligncenter is-resized\"><img loading=\"lazy\" decoding=\"async\" src=\"https:\/\/wp.laboratoriosvillarreal.com\/wp-content\/uploads\/2019\/07\/CAPA5.png\" alt=\"\" class=\"wp-image-307\" width=\"512\" height=\"242\" srcset=\"https:\/\/wp.laboratoriosvillarreal.com\/wp-content\/uploads\/2019\/07\/CAPA5.png 736w, https:\/\/wp.laboratoriosvillarreal.com\/wp-content\/uploads\/2019\/07\/CAPA5-300x143.png 300w\" sizes=\"auto, (max-width: 512px) 100vw, 512px\" \/><\/figure><\/div>\n\n\n\n<p><strong>13.- CURSO \u201cDISE\u00d1O HIGI\u00c9NICO DE COCINAS INDUSTRIALES<\/strong><\/p>\n\n\n\n<div class=\"wp-block-image\"><figure class=\"aligncenter is-resized\"><img loading=\"lazy\" decoding=\"async\" src=\"https:\/\/wp.laboratoriosvillarreal.com\/wp-content\/uploads\/2019\/07\/CAPA6.png\" alt=\"\" class=\"wp-image-311\" width=\"453\" height=\"299\" srcset=\"https:\/\/wp.laboratoriosvillarreal.com\/wp-content\/uploads\/2019\/07\/CAPA6.png 474w, https:\/\/wp.laboratoriosvillarreal.com\/wp-content\/uploads\/2019\/07\/CAPA6-300x199.png 300w\" sizes=\"auto, (max-width: 453px) 100vw, 453px\" \/><\/figure><\/div>\n\n\n\n<p><strong>CAPACITACI\u00d3N  PRACTICA:<\/strong><\/p>\n\n\n\n<p>Despu\u00e9s de la<strong> IMPARTICI\u00d3N DE UN CURSO TE\u00d3RICO,<\/strong> se designa un &nbsp;ASESOR \/INSTRUCTOR durante un periodo (de 1 a 2 meses),&nbsp; para que se involucre en la Operaci\u00f3n normal del Establecimiento,  debiendo pasar por todas las \u00e1reas  y as\u00ed capacite al personal operativo&nbsp; durante \u00e9ste tiempo, con el fin de formar h\u00e1bitos,  por medio del trabajo constante y la aplicaci\u00f3n de las normas de Higiene.                                       Se capacita a los <strong>RESPONSABLES de \u00e1reas<\/strong>, sobre el llenado de los FORMATOS, los cuales son <strong>\u201cEVIDENCIA&nbsp; DOCUMENTAL de&nbsp; REGISTROS de CONTROL\u201d<\/strong> .               Instrucci\u00f3n se imparte por medio de Capacitadores certificados, quienes&nbsp; los encaminan a la Obtenci\u00f3n del DISTINTIVO \u201cH\u201d.<\/p>\n\n\n\n<div class=\"wp-block-image\"><figure class=\"aligncenter\"><img loading=\"lazy\" decoding=\"async\" width=\"418\" height=\"319\" src=\"https:\/\/wp.laboratoriosvillarreal.com\/wp-content\/uploads\/2019\/07\/capacitacion1.png\" alt=\"\" class=\"wp-image-313\" srcset=\"https:\/\/wp.laboratoriosvillarreal.com\/wp-content\/uploads\/2019\/07\/capacitacion1.png 418w, https:\/\/wp.laboratoriosvillarreal.com\/wp-content\/uploads\/2019\/07\/capacitacion1-300x229.png 300w\" sizes=\"auto, (max-width: 418px) 100vw, 418px\" \/><\/figure><\/div>\n\n\n\n<p><\/p>\n","protected":false},"excerpt":{"rendered":"<p>CAPACITACI\u00d3N TE\u00d3RICA: contamos con cursos dise\u00f1ados para la capacitaci\u00f3n de adultos Los Cursos de mayor solicitud: 1.- \u201cMANEJO HIGI\u00c9NICO DE ALIMENTOS PARA OBTENCI\u00d3N DEL DISTINTIVO \u201cH\u201d basados en la NMX-F-605-Normex-2018. Duraci\u00f3n: 10 a 12 horas 2.- \u201cBUENAS PRACTICAS DE HIGIENE EN LA ELABORACI\u00d3N DE ALIMENTOS\u201d basados en la NOM-251-SSA1-2009. Duraci\u00f3n: 8 horas 3.-&nbsp; \u201cPROCEDIMIENTO ANTE &hellip; <\/p>\n<p class=\"link-more\"><a href=\"https:\/\/wp.laboratoriosvillarreal.com\/index.php\/depto-de-capacitacion-en-normas-de-higiene\/\" class=\"more-link\">Continuar leyendo<span class=\"screen-reader-text\"> \u00abCapacitaci\u00f3n en Normas de Higiene\u00bb<\/span><\/a><\/p>\n","protected":false},"author":1,"featured_media":0,"parent":0,"menu_order":0,"comment_status":"closed","ping_status":"closed","template":"","meta":{"footnotes":""},"class_list":["post-80","page","type-page","status-publish","hentry"],"_links":{"self":[{"href":"https:\/\/wp.laboratoriosvillarreal.com\/index.php\/wp-json\/wp\/v2\/pages\/80","targetHints":{"allow":["GET"]}}],"collection":[{"href":"https:\/\/wp.laboratoriosvillarreal.com\/index.php\/wp-json\/wp\/v2\/pages"}],"about":[{"href":"https:\/\/wp.laboratoriosvillarreal.com\/index.php\/wp-json\/wp\/v2\/types\/page"}],"author":[{"embeddable":true,"href":"https:\/\/wp.laboratoriosvillarreal.com\/index.php\/wp-json\/wp\/v2\/users\/1"}],"replies":[{"embeddable":true,"href":"https:\/\/wp.laboratoriosvillarreal.com\/index.php\/wp-json\/wp\/v2\/comments?post=80"}],"version-history":[{"count":13,"href":"https:\/\/wp.laboratoriosvillarreal.com\/index.php\/wp-json\/wp\/v2\/pages\/80\/revisions"}],"predecessor-version":[{"id":728,"href":"https:\/\/wp.laboratoriosvillarreal.com\/index.php\/wp-json\/wp\/v2\/pages\/80\/revisions\/728"}],"wp:attachment":[{"href":"https:\/\/wp.laboratoriosvillarreal.com\/index.php\/wp-json\/wp\/v2\/media?parent=80"}],"curies":[{"name":"wp","href":"https:\/\/api.w.org\/{rel}","templated":true}]}}