{"id":752,"date":"2019-09-16T12:31:01","date_gmt":"2019-09-16T18:31:01","guid":{"rendered":"https:\/\/wp.laboratoriosvillarreal.com\/?page_id=752"},"modified":"2023-07-01T20:49:53","modified_gmt":"2023-07-02T02:49:53","slug":"lv-verificador-006","status":"publish","type":"page","link":"https:\/\/wp.laboratoriosvillarreal.com\/index.php\/lv-verificador-006\/","title":{"rendered":"LHV &#8211; VERIFICADOR DE HIGIENE: ERIKA &#8211; CDMX"},"content":{"rendered":"\n<p><strong>Verificador de Higiene &#8211; Laboratorio CDMX<\/strong><\/p>\n\n\n\n<figure class=\"wp-block-image is-resized\"><img loading=\"lazy\" decoding=\"async\" src=\"https:\/\/wp.laboratoriosvillarreal.com\/wp-content\/uploads\/2019\/09\/LABCDMX_ERIKA_1.jpg\" alt=\"\" class=\"wp-image-1054\" width=\"405\" height=\"470\"\/><figcaption class=\"wp-element-caption\"><strong><em>ERIKA VILLEGAS SANCHEZ<\/em><\/strong><\/figcaption><\/figure>\n\n\n\n<p><strong>T\u00e9cnico en: Nutrici\u00f3n y Diet\u00e9tica                                                                  <\/strong>                                                                                                          Centro de Estudios Tecnol\u00f3gicos Industrial y de Servicios                                                                                                                  <strong>                 Estatus: Pasante<\/strong><\/p>\n\n\n\n<figure class=\"wp-block-image size-full\"><img loading=\"lazy\" decoding=\"async\" width=\"570\" height=\"445\" src=\"https:\/\/wp.laboratoriosvillarreal.com\/wp-content\/uploads\/2023\/07\/ERIKA.jpg\" alt=\"\" class=\"wp-image-1710\" srcset=\"https:\/\/wp.laboratoriosvillarreal.com\/wp-content\/uploads\/2023\/07\/ERIKA.jpg 570w, https:\/\/wp.laboratoriosvillarreal.com\/wp-content\/uploads\/2023\/07\/ERIKA-300x234.jpg 300w\" sizes=\"auto, (max-width: 570px) 100vw, 570px\" \/><\/figure>\n\n\n\n<p>Trabaja en Laboratorios Villarreal desde: Agosto 2009                                                                                                                         IMSS: 39048503286<\/p>\n\n\n\n<figure class=\"wp-block-image\"><img loading=\"lazy\" decoding=\"async\" width=\"960\" height=\"720\" src=\"https:\/\/wp.laboratoriosvillarreal.com\/wp-content\/uploads\/2019\/09\/Diapositiva2-2.jpg\" alt=\"\" class=\"wp-image-1197\" srcset=\"https:\/\/wp.laboratoriosvillarreal.com\/wp-content\/uploads\/2019\/09\/Diapositiva2-2.jpg 960w, https:\/\/wp.laboratoriosvillarreal.com\/wp-content\/uploads\/2019\/09\/Diapositiva2-2-300x225.jpg 300w, https:\/\/wp.laboratoriosvillarreal.com\/wp-content\/uploads\/2019\/09\/Diapositiva2-2-768x576.jpg 768w\" sizes=\"auto, (max-width: 767px) 89vw, (max-width: 1000px) 54vw, (max-width: 1071px) 543px, 580px\" \/><\/figure>\n","protected":false},"excerpt":{"rendered":"<p>Verificador de Higiene &#8211; Laboratorio CDMX T\u00e9cnico en: Nutrici\u00f3n y Diet\u00e9tica Centro de Estudios Tecnol\u00f3gicos Industrial y de Servicios Estatus: Pasante Trabaja en Laboratorios Villarreal desde: Agosto 2009 IMSS: 39048503286<\/p>\n","protected":false},"author":2,"featured_media":0,"parent":0,"menu_order":0,"comment_status":"closed","ping_status":"closed","template":"","meta":{"footnotes":""},"class_list":["post-752","page","type-page","status-publish","hentry"],"_links":{"self":[{"href":"https:\/\/wp.laboratoriosvillarreal.com\/index.php\/wp-json\/wp\/v2\/pages\/752","targetHints":{"allow":["GET"]}}],"collection":[{"href":"https:\/\/wp.laboratoriosvillarreal.com\/index.php\/wp-json\/wp\/v2\/pages"}],"about":[{"href":"https:\/\/wp.laboratoriosvillarreal.com\/index.php\/wp-json\/wp\/v2\/types\/page"}],"author":[{"embeddable":true,"href":"https:\/\/wp.laboratoriosvillarreal.com\/index.php\/wp-json\/wp\/v2\/users\/2"}],"replies":[{"embeddable":true,"href":"https:\/\/wp.laboratoriosvillarreal.com\/index.php\/wp-json\/wp\/v2\/comments?post=752"}],"version-history":[{"count":16,"href":"https:\/\/wp.laboratoriosvillarreal.com\/index.php\/wp-json\/wp\/v2\/pages\/752\/revisions"}],"predecessor-version":[{"id":1711,"href":"https:\/\/wp.laboratoriosvillarreal.com\/index.php\/wp-json\/wp\/v2\/pages\/752\/revisions\/1711"}],"wp:attachment":[{"href":"https:\/\/wp.laboratoriosvillarreal.com\/index.php\/wp-json\/wp\/v2\/media?parent=752"}],"curies":[{"name":"wp","href":"https:\/\/api.w.org\/{rel}","templated":true}]}}