{"id":744,"date":"2019-09-16T12:29:52","date_gmt":"2019-09-16T18:29:52","guid":{"rendered":"https:\/\/wp.laboratoriosvillarreal.com\/?page_id=744"},"modified":"2023-07-01T20:55:44","modified_gmt":"2023-07-02T02:55:44","slug":"lv-verificador-004","status":"publish","type":"page","link":"https:\/\/wp.laboratoriosvillarreal.com\/index.php\/lv-verificador-004\/","title":{"rendered":"LHV &#8211; VERIFICADOR DE HIGIENE: LAURA &#8211; CDMX"},"content":{"rendered":"\n<p><strong>Verificador de Higiene &#8211; Laboratorio CDMX<\/strong><\/p>\n\n\n\n<figure class=\"wp-block-image is-resized\"><img loading=\"lazy\" decoding=\"async\" src=\"https:\/\/wp.laboratoriosvillarreal.com\/wp-content\/uploads\/2019\/09\/laura.png\" alt=\"\" class=\"wp-image-810\" width=\"414\" height=\"496\"\/><figcaption class=\"wp-element-caption\"><strong> <em>LAURA BERENICE MENDOZA HERN\u00c1NDEZ <\/em><\/strong><\/figcaption><\/figure>\n\n\n\n<figure class=\"wp-block-image size-large\"><img loading=\"lazy\" decoding=\"async\" width=\"1024\" height=\"807\" src=\"https:\/\/wp.laboratoriosvillarreal.com\/wp-content\/uploads\/2023\/06\/CREDENCIAL-LAURA-MX-1-1024x807.jpg\" alt=\"\" class=\"wp-image-1631\" srcset=\"https:\/\/wp.laboratoriosvillarreal.com\/wp-content\/uploads\/2023\/06\/CREDENCIAL-LAURA-MX-1-1024x807.jpg 1024w, https:\/\/wp.laboratoriosvillarreal.com\/wp-content\/uploads\/2023\/06\/CREDENCIAL-LAURA-MX-1-300x236.jpg 300w, https:\/\/wp.laboratoriosvillarreal.com\/wp-content\/uploads\/2023\/06\/CREDENCIAL-LAURA-MX-1-768x605.jpg 768w, https:\/\/wp.laboratoriosvillarreal.com\/wp-content\/uploads\/2023\/06\/CREDENCIAL-LAURA-MX-1.jpg 1307w\" sizes=\"auto, (max-width: 767px) 89vw, (max-width: 1000px) 54vw, (max-width: 1071px) 543px, 580px\" \/><\/figure>\n\n\n\n<p>Licenciatura en: <strong>Qu\u00edmico Bacteriologo Parasitologo.                                                                                             <\/strong>Escuela Nacional de Ciencias Biol\u00f3gicas del Instituto Polit\u00e9cnico Nacional.                           <strong>C\u00e9dula Profesional: 7479006<\/strong><\/p>\n\n\n\n<p>Trabaja en Labortaorios Villarreal desde:  Mayo 2019 (re-ingreso)                                                                                                                        IMSS: 42998208674<\/p>\n\n\n\n<figure class=\"wp-block-image is-resized\"><img loading=\"lazy\" decoding=\"async\" src=\"https:\/\/wp.laboratoriosvillarreal.com\/wp-content\/uploads\/2019\/09\/cp.jpg\" alt=\"\" class=\"wp-image-1044\" width=\"385\" height=\"508\" srcset=\"https:\/\/wp.laboratoriosvillarreal.com\/wp-content\/uploads\/2019\/09\/cp.jpg 441w, https:\/\/wp.laboratoriosvillarreal.com\/wp-content\/uploads\/2019\/09\/cp-227x300.jpg 227w\" sizes=\"auto, (max-width: 385px) 100vw, 385px\" \/><\/figure>\n\n\n\n<figure class=\"wp-block-image\"><img loading=\"lazy\" decoding=\"async\" width=\"960\" height=\"720\" src=\"https:\/\/wp.laboratoriosvillarreal.com\/wp-content\/uploads\/2019\/09\/Diapositiva5-3.jpg\" alt=\"\" class=\"wp-image-1195\" srcset=\"https:\/\/wp.laboratoriosvillarreal.com\/wp-content\/uploads\/2019\/09\/Diapositiva5-3.jpg 960w, https:\/\/wp.laboratoriosvillarreal.com\/wp-content\/uploads\/2019\/09\/Diapositiva5-3-300x225.jpg 300w, https:\/\/wp.laboratoriosvillarreal.com\/wp-content\/uploads\/2019\/09\/Diapositiva5-3-768x576.jpg 768w\" sizes=\"auto, (max-width: 767px) 89vw, (max-width: 1000px) 54vw, (max-width: 1071px) 543px, 580px\" \/><\/figure>\n","protected":false},"excerpt":{"rendered":"<p>Verificador de Higiene &#8211; Laboratorio CDMX Licenciatura en: Qu\u00edmico Bacteriologo Parasitologo. Escuela Nacional de Ciencias Biol\u00f3gicas del Instituto Polit\u00e9cnico Nacional. C\u00e9dula Profesional: 7479006 Trabaja en Labortaorios Villarreal desde: Mayo 2019 (re-ingreso) IMSS: 42998208674<\/p>\n","protected":false},"author":2,"featured_media":0,"parent":0,"menu_order":0,"comment_status":"closed","ping_status":"closed","template":"","meta":{"footnotes":""},"class_list":["post-744","page","type-page","status-publish","hentry"],"_links":{"self":[{"href":"https:\/\/wp.laboratoriosvillarreal.com\/index.php\/wp-json\/wp\/v2\/pages\/744","targetHints":{"allow":["GET"]}}],"collection":[{"href":"https:\/\/wp.laboratoriosvillarreal.com\/index.php\/wp-json\/wp\/v2\/pages"}],"about":[{"href":"https:\/\/wp.laboratoriosvillarreal.com\/index.php\/wp-json\/wp\/v2\/types\/page"}],"author":[{"embeddable":true,"href":"https:\/\/wp.laboratoriosvillarreal.com\/index.php\/wp-json\/wp\/v2\/users\/2"}],"replies":[{"embeddable":true,"href":"https:\/\/wp.laboratoriosvillarreal.com\/index.php\/wp-json\/wp\/v2\/comments?post=744"}],"version-history":[{"count":19,"href":"https:\/\/wp.laboratoriosvillarreal.com\/index.php\/wp-json\/wp\/v2\/pages\/744\/revisions"}],"predecessor-version":[{"id":1720,"href":"https:\/\/wp.laboratoriosvillarreal.com\/index.php\/wp-json\/wp\/v2\/pages\/744\/revisions\/1720"}],"wp:attachment":[{"href":"https:\/\/wp.laboratoriosvillarreal.com\/index.php\/wp-json\/wp\/v2\/media?parent=744"}],"curies":[{"name":"wp","href":"https:\/\/api.w.org\/{rel}","templated":true}]}}