{"id":716,"date":"2019-09-09T23:25:56","date_gmt":"2019-09-10T05:25:56","guid":{"rendered":"https:\/\/wp.laboratoriosvillarreal.com\/?page_id=716"},"modified":"2023-07-01T20:54:44","modified_gmt":"2023-07-02T02:54:44","slug":"lv-verificador-002","status":"publish","type":"page","link":"https:\/\/wp.laboratoriosvillarreal.com\/index.php\/lv-verificador-002\/","title":{"rendered":"LHV &#8211; VERIFICADOR DE HIGIENE: IVONEE &#8211; CDMX"},"content":{"rendered":"\n<p><strong>Verificadora de Higiene  y  Microbi\u00f3loga &#8211; <\/strong> <strong>Lab.<\/strong> <strong>Ciudad de M\u00e9xico<\/strong><\/p>\n\n\n\n<figure class=\"wp-block-image is-resized\"><img loading=\"lazy\" decoding=\"async\" src=\"https:\/\/wp.laboratoriosvillarreal.com\/wp-content\/uploads\/2019\/09\/LABCDMX_IVONNE-973x1024.jpg\" alt=\"\" class=\"wp-image-1127\" width=\"592\" height=\"620\"\/><figcaption class=\"wp-element-caption\"> <strong>IVONNE VEGA VARGAS<\/strong> <\/figcaption><\/figure>\n\n\n\n<figure class=\"wp-block-image size-large\"><img loading=\"lazy\" decoding=\"async\" width=\"1024\" height=\"807\" src=\"https:\/\/wp.laboratoriosvillarreal.com\/wp-content\/uploads\/2023\/06\/CREDENCIAL-IVONNE-GDJ-1-1024x807.jpg\" alt=\"\" class=\"wp-image-1627\" srcset=\"https:\/\/wp.laboratoriosvillarreal.com\/wp-content\/uploads\/2023\/06\/CREDENCIAL-IVONNE-GDJ-1-1024x807.jpg 1024w, https:\/\/wp.laboratoriosvillarreal.com\/wp-content\/uploads\/2023\/06\/CREDENCIAL-IVONNE-GDJ-1-300x236.jpg 300w, https:\/\/wp.laboratoriosvillarreal.com\/wp-content\/uploads\/2023\/06\/CREDENCIAL-IVONNE-GDJ-1-768x605.jpg 768w, https:\/\/wp.laboratoriosvillarreal.com\/wp-content\/uploads\/2023\/06\/CREDENCIAL-IVONNE-GDJ-1.jpg 1307w\" sizes=\"auto, (max-width: 767px) 89vw, (max-width: 1000px) 54vw, (max-width: 1071px) 543px, 580px\" \/><\/figure>\n\n\n\n<p>Licenciatura: <strong>Ingenier\u00eda de los Alimentos<\/strong><br>Universidad Aut\u00f3noma Metropolitana Iztapalapa.<br><strong>Cedula Profesional: 8045154<\/strong><\/p>\n\n\n\n<p>Trabaja en Laboratorios Villarreal desde:  Agosto 2011                                                                                              IMSS: 03148749991<\/p>\n\n\n\n<figure class=\"wp-block-gallery has-nested-images columns-default is-cropped wp-block-gallery-1 is-layout-flex wp-block-gallery-is-layout-flex\">\n<figure class=\"wp-block-image\"><img loading=\"lazy\" decoding=\"async\" width=\"236\" height=\"386\" data-id=\"1128\" src=\"https:\/\/wp.laboratoriosvillarreal.com\/wp-content\/uploads\/2019\/09\/CP1-3.jpg\" alt=\"\" class=\"wp-image-1128\" srcset=\"https:\/\/wp.laboratoriosvillarreal.com\/wp-content\/uploads\/2019\/09\/CP1-3.jpg 236w, https:\/\/wp.laboratoriosvillarreal.com\/wp-content\/uploads\/2019\/09\/CP1-3-183x300.jpg 183w\" sizes=\"auto, (max-width: 236px) 100vw, 236px\" \/><\/figure>\n<\/figure>\n\n\n\n<figure class=\"wp-block-image\"><img loading=\"lazy\" decoding=\"async\" width=\"960\" height=\"720\" src=\"https:\/\/wp.laboratoriosvillarreal.com\/wp-content\/uploads\/2019\/09\/Diapositiva3-4.jpg\" alt=\"\" class=\"wp-image-1191\" srcset=\"https:\/\/wp.laboratoriosvillarreal.com\/wp-content\/uploads\/2019\/09\/Diapositiva3-4.jpg 960w, https:\/\/wp.laboratoriosvillarreal.com\/wp-content\/uploads\/2019\/09\/Diapositiva3-4-300x225.jpg 300w, https:\/\/wp.laboratoriosvillarreal.com\/wp-content\/uploads\/2019\/09\/Diapositiva3-4-768x576.jpg 768w\" sizes=\"auto, (max-width: 767px) 89vw, (max-width: 1000px) 54vw, (max-width: 1071px) 543px, 580px\" \/><\/figure>\n","protected":false},"excerpt":{"rendered":"<p>Verificadora de Higiene y Microbi\u00f3loga &#8211; Lab. Ciudad de M\u00e9xico Licenciatura: Ingenier\u00eda de los AlimentosUniversidad Aut\u00f3noma Metropolitana Iztapalapa.Cedula Profesional: 8045154 Trabaja en Laboratorios Villarreal desde: Agosto 2011 IMSS: 03148749991<\/p>\n","protected":false},"author":2,"featured_media":0,"parent":0,"menu_order":0,"comment_status":"closed","ping_status":"closed","template":"","meta":{"footnotes":""},"class_list":["post-716","page","type-page","status-publish","hentry"],"_links":{"self":[{"href":"https:\/\/wp.laboratoriosvillarreal.com\/index.php\/wp-json\/wp\/v2\/pages\/716","targetHints":{"allow":["GET"]}}],"collection":[{"href":"https:\/\/wp.laboratoriosvillarreal.com\/index.php\/wp-json\/wp\/v2\/pages"}],"about":[{"href":"https:\/\/wp.laboratoriosvillarreal.com\/index.php\/wp-json\/wp\/v2\/types\/page"}],"author":[{"embeddable":true,"href":"https:\/\/wp.laboratoriosvillarreal.com\/index.php\/wp-json\/wp\/v2\/users\/2"}],"replies":[{"embeddable":true,"href":"https:\/\/wp.laboratoriosvillarreal.com\/index.php\/wp-json\/wp\/v2\/comments?post=716"}],"version-history":[{"count":23,"href":"https:\/\/wp.laboratoriosvillarreal.com\/index.php\/wp-json\/wp\/v2\/pages\/716\/revisions"}],"predecessor-version":[{"id":1716,"href":"https:\/\/wp.laboratoriosvillarreal.com\/index.php\/wp-json\/wp\/v2\/pages\/716\/revisions\/1716"}],"wp:attachment":[{"href":"https:\/\/wp.laboratoriosvillarreal.com\/index.php\/wp-json\/wp\/v2\/media?parent=716"}],"curies":[{"name":"wp","href":"https:\/\/api.w.org\/{rel}","templated":true}]}}