{"id":711,"date":"2019-09-09T23:15:58","date_gmt":"2019-09-10T05:15:58","guid":{"rendered":"https:\/\/wp.laboratoriosvillarreal.com\/?page_id=711"},"modified":"2023-06-25T21:09:29","modified_gmt":"2023-06-26T03:09:29","slug":"lv-verificador-001","status":"publish","type":"page","link":"https:\/\/wp.laboratoriosvillarreal.com\/index.php\/lv-verificador-001\/","title":{"rendered":"LHV DIRECCCION MAVO &#8211; equipo gerencial"},"content":{"rendered":"\n<p><strong>DIRECTOR DE LABORATORIOS VILLARREAL<\/strong><\/p>\n\n\n\n<p>Licenciatura en: <strong>Ingenier\u00eda Bioqu\u00edmica con maestr\u00eda en Alimentos             <\/strong>                                                                                                      Instituto Tecnol\u00f3gico de Veracruz &#8211; UNIDA                                                                                                                                                            <strong>Cedula Profesional: 3389594  <\/strong><\/p>\n\n\n\n<figure class=\"wp-block-gallery has-nested-images columns-default is-cropped wp-block-gallery-1 is-layout-flex wp-block-gallery-is-layout-flex\">\n<figure class=\"wp-block-image size-full\"><img loading=\"lazy\" decoding=\"async\" width=\"330\" height=\"388\" data-id=\"1382\" src=\"https:\/\/wp.laboratoriosvillarreal.com\/wp-content\/uploads\/2022\/03\/MAVO-1.jpg\" alt=\"\" class=\"wp-image-1382\" srcset=\"https:\/\/wp.laboratoriosvillarreal.com\/wp-content\/uploads\/2022\/03\/MAVO-1.jpg 330w, https:\/\/wp.laboratoriosvillarreal.com\/wp-content\/uploads\/2022\/03\/MAVO-1-255x300.jpg 255w\" sizes=\"auto, (max-width: 330px) 100vw, 330px\" \/><figcaption class=\"wp-element-caption\"><strong>MA. ANTONIETA VILLARREAL OLANO<\/strong><\/figcaption><\/figure>\n<\/figure>\n\n\n\n<p>Fundadora de Laboratorios Villarreal: <strong>desde Septiembre 2000<\/strong><\/p>\n\n\n\n<figure class=\"wp-block-image size-large\"><img loading=\"lazy\" decoding=\"async\" width=\"653\" height=\"1024\" src=\"https:\/\/wp.laboratoriosvillarreal.com\/wp-content\/uploads\/2023\/06\/CREDENCIAL-MAVO_frente-653x1024.jpg\" alt=\"\" class=\"wp-image-1660\" srcset=\"https:\/\/wp.laboratoriosvillarreal.com\/wp-content\/uploads\/2023\/06\/CREDENCIAL-MAVO_frente-653x1024.jpg 653w, https:\/\/wp.laboratoriosvillarreal.com\/wp-content\/uploads\/2023\/06\/CREDENCIAL-MAVO_frente-191x300.jpg 191w, https:\/\/wp.laboratoriosvillarreal.com\/wp-content\/uploads\/2023\/06\/CREDENCIAL-MAVO_frente.jpg 657w\" sizes=\"auto, (max-width: 653px) 100vw, 653px\" \/><\/figure>\n\n\n\n<figure class=\"wp-block-image\"><img loading=\"lazy\" decoding=\"async\" width=\"688\" height=\"544\" src=\"https:\/\/wp.laboratoriosvillarreal.com\/wp-content\/uploads\/2019\/09\/CEDULA-mavo.jpg\" alt=\"\" class=\"wp-image-806\" srcset=\"https:\/\/wp.laboratoriosvillarreal.com\/wp-content\/uploads\/2019\/09\/CEDULA-mavo.jpg 688w, https:\/\/wp.laboratoriosvillarreal.com\/wp-content\/uploads\/2019\/09\/CEDULA-mavo-300x237.jpg 300w\" sizes=\"auto, (max-width: 688px) 100vw, 688px\" \/><\/figure>\n\n\n\n<figure class=\"wp-block-image\"><img loading=\"lazy\" decoding=\"async\" width=\"960\" height=\"720\" src=\"https:\/\/wp.laboratoriosvillarreal.com\/wp-content\/uploads\/2019\/09\/Diapositiva1-2.jpg\" alt=\"\" class=\"wp-image-1188\" srcset=\"https:\/\/wp.laboratoriosvillarreal.com\/wp-content\/uploads\/2019\/09\/Diapositiva1-2.jpg 960w, https:\/\/wp.laboratoriosvillarreal.com\/wp-content\/uploads\/2019\/09\/Diapositiva1-2-300x225.jpg 300w, https:\/\/wp.laboratoriosvillarreal.com\/wp-content\/uploads\/2019\/09\/Diapositiva1-2-768x576.jpg 768w\" sizes=\"auto, (max-width: 767px) 89vw, (max-width: 1000px) 54vw, (max-width: 1071px) 543px, 580px\" \/><\/figure>\n","protected":false},"excerpt":{"rendered":"<p>DIRECTOR DE LABORATORIOS VILLARREAL Licenciatura en: Ingenier\u00eda Bioqu\u00edmica con maestr\u00eda en Alimentos Instituto Tecnol\u00f3gico de Veracruz &#8211; UNIDA Cedula Profesional: 3389594 Fundadora de Laboratorios Villarreal: desde Septiembre 2000<\/p>\n","protected":false},"author":2,"featured_media":0,"parent":0,"menu_order":0,"comment_status":"closed","ping_status":"closed","template":"","meta":{"footnotes":""},"class_list":["post-711","page","type-page","status-publish","hentry"],"_links":{"self":[{"href":"https:\/\/wp.laboratoriosvillarreal.com\/index.php\/wp-json\/wp\/v2\/pages\/711","targetHints":{"allow":["GET"]}}],"collection":[{"href":"https:\/\/wp.laboratoriosvillarreal.com\/index.php\/wp-json\/wp\/v2\/pages"}],"about":[{"href":"https:\/\/wp.laboratoriosvillarreal.com\/index.php\/wp-json\/wp\/v2\/types\/page"}],"author":[{"embeddable":true,"href":"https:\/\/wp.laboratoriosvillarreal.com\/index.php\/wp-json\/wp\/v2\/users\/2"}],"replies":[{"embeddable":true,"href":"https:\/\/wp.laboratoriosvillarreal.com\/index.php\/wp-json\/wp\/v2\/comments?post=711"}],"version-history":[{"count":15,"href":"https:\/\/wp.laboratoriosvillarreal.com\/index.php\/wp-json\/wp\/v2\/pages\/711\/revisions"}],"predecessor-version":[{"id":1661,"href":"https:\/\/wp.laboratoriosvillarreal.com\/index.php\/wp-json\/wp\/v2\/pages\/711\/revisions\/1661"}],"wp:attachment":[{"href":"https:\/\/wp.laboratoriosvillarreal.com\/index.php\/wp-json\/wp\/v2\/media?parent=711"}],"curies":[{"name":"wp","href":"https:\/\/api.w.org\/{rel}","templated":true}]}}