{"id":380,"date":"2019-07-29T21:42:46","date_gmt":"2019-07-30T03:42:46","guid":{"rendered":"https:\/\/wp.laboratoriosvillarreal.com\/?page_id=380"},"modified":"2023-07-01T23:20:57","modified_gmt":"2023-07-02T05:20:57","slug":"consulta-noms","status":"publish","type":"page","link":"https:\/\/wp.laboratoriosvillarreal.com\/index.php\/consulta-noms\/","title":{"rendered":"Consulta NOMs"},"content":{"rendered":"\n<p><a href=\"http:\/\/www.dof.gob.mx\/normasOficiales\/3980\/salud\/salud.htm\">NOM-251-SSA1-2009<\/a>: \u00abPr\u00e1cticas de higiene para el proceso de alimentos, bebidas o suplementos alimenticios\u00bb<\/p>\n\n\n\n<p><a href=\"http:\/\/www.dof.gob.mx\/normasOficiales\/4010\/seeco11_C\/seeco11_C.htm\">NOM-051-SCOFI\/SSA1-2010<\/a>:  \u00abEspecificaciones generales de etiquetado para alimentos y bebidas no alcoh\u00f3licas preenvasados-Informaci\u00f3n comercial y sanitaria<\/p>\n\n\n\n<p><a href=\"https:\/\/www.snice.gob.mx\/~oracle\/SNICE_DOCS\/NOM-159-SSA1-2016-NOM-159-DOF_20180719-20180116.pdf\" target=\"_blank\" rel=\"noreferrer noopener\" aria-label=\"NOM-159-SSA1-2016: (opens in a new tab)\">NOM-159-SSA1-2016:<\/a>  \u00abProductos y servicios. Huevo y sus productos. Disposiciones y<br> especificaciones sanitarias. M\u00e9todo de prueba\u00bb<\/p>\n\n\n\n<p><a rel=\"noreferrer noopener\" aria-label=\"NOM-194-SSA1-2004 (opens in a new tab)\" href=\"http:\/\/www.salud.gob.mx\/unidades\/cdi\/nom\/194ssa104.html\" target=\"_blank\">NOM-194-SSA1-2004<\/a>  aplicable a \u00a0\u00abEstablecimientos dedicados al sacrificio y faenado de animales para abasto, almacenamiento, transporte y expendio\u00bb <\/p>\n\n\n\n<p><a href=\"https:\/\/www.dof.gob.mx\/nota_detalle.php?codigo=5650705&amp;fecha=02\/05\/2022#gsc.tab=0\">NOM-127-SSA1-2021<\/a>:  \u00abAgua para uso y consumo humano. L\u00edmites permisibles de la\u00a0calidad del agua\u00bb<\/p>\n\n\n\n<p><a href=\"http:\/\/dof.gob.mx\/nota_detalle.php?codigo=5420977&amp;fecha=22\/12\/2015\">NOM-201-SSA1-2015<\/a>: \u00abAgua y hielo para consumo humano, envasados y a granel.   Especificaciones sanitarias\u00bb <\/p>\n\n\n\n<p><a href=\"http:\/\/www.salud.gob.mx\/unidades\/cdi\/nom\/213ssa102.html\" target=\"_blank\" rel=\"noreferrer noopener\" aria-label=\"NOM-213-SSA1-2002 (opens in a new tab)\">NOM-213-SSA1-2002<\/a> aplicable a \u00abProductos c\u00e1rnicos procesados\u00bb<\/p>\n\n\n\n<p><a href=\"http:\/\/dof.gob.mx\/nota_detalle.php?codigo=5177531&amp;fecha=10\/02\/2011\" target=\"_blank\" rel=\"noreferrer noopener\" aria-label=\"NOM-242-SSA1-2009 (opens in a new tab)\">NOM-242-SSA1-2009<\/a> aplicable a \u00abProductos de la pesca frescos, refrigerados, congelados y procesados\u00bb  <\/p>\n\n\n\n<p><a href=\"http:\/\/dof.gob.mx\/normasOficiales\/4156\/salud2a\/salud2a.htm\" target=\"_blank\" rel=\"noreferrer noopener\" aria-label=\"NOM-243-SSA1-2010 (opens in a new tab)\">NOM-243-SSA1-2010<\/a> aplicable a \u00abLeche, f\u00f3rmula l\u00e1ctea, producto l\u00e1cteo combinado&nbsp;y derivados l\u00e1cteos\u00bb <\/p>\n\n\n\n<p><a href=\"http:\/\/www.dof.gob.mx\/nota_detalle.php?codigo=5411121&amp;fecha=09\/10\/2015\">NOM-018-STPS-2015<\/a>:  \u00abSistema armonizado para la identificaci\u00f3n y comunicaci\u00f3n de peligros y riesgos por sustancias qu\u00edmicas peligrosas en los centros de trabajo\u00bb <\/p>\n\n\n\n<p><a href=\"http:\/\/www.stps.gob.mx\/bp\/secciones\/dgsst\/normatividad\/normas\/Nom-026.pdf\" target=\"_blank\" rel=\"noreferrer noopener\" aria-label=\"NOM-026-STPS-2008: (opens in a new tab)\">NOM-026-STPS-2008:<\/a> \u00abColores y se\u00f1ales de seguridad e higiene, e<br> identificaci\u00f3n de riesgos por fluidos conducidos en tuber\u00edas\u00bb<\/p>\n\n\n\n<p><a rel=\"noreferrer noopener\" aria-label=\"Modificaci\u00f3n  a la NOM-127-SSA1-1994 (opens in a new tab)\" href=\"http:\/\/www.salud.gob.mx\/unidades\/cdi\/nom\/m127ssa14.html\" target=\"_blank\">Modificaci\u00f3n  a la NOM-127-SSA1-1994<\/a>: \u00abSalud ambiental. Agua para uso y consumo humano. L\u00edmites permisibles de calidad y tratamientos a que debe someterse el agua para su potabilizaci\u00f3n\u00bb <\/p>\n\n\n\n<p><a href=\"https:\/\/www.gob.mx\/cms\/uploads\/attachment\/file\/197511\/NMX-F-605-NORMEX-2016__7_de_diciembre_de_2015_firmada__002_.pdf\" target=\"_blank\" rel=\"noreferrer noopener\" aria-label=\" NMX-F-610-NORMEX-2002 (opens in a new tab)\"> NMX-F-610-NORMEX-2002<\/a>:  \u00abDisposiciones t\u00e9cnicas para la prestaci\u00f3n de servicios en materia de desinfecci\u00f3n y control de plagas\u00bb <\/p>\n","protected":false},"excerpt":{"rendered":"<p>NOM-251-SSA1-2009: \u00abPr\u00e1cticas de higiene para el proceso de alimentos, bebidas o suplementos alimenticios\u00bb NOM-051-SCOFI\/SSA1-2010: \u00abEspecificaciones generales de etiquetado para alimentos y bebidas no alcoh\u00f3licas preenvasados-Informaci\u00f3n comercial y sanitaria NOM-159-SSA1-2016: \u00abProductos y servicios. Huevo y sus productos. Disposiciones y especificaciones sanitarias. M\u00e9todo de prueba\u00bb NOM-194-SSA1-2004 aplicable a \u00a0\u00abEstablecimientos dedicados al sacrificio y faenado de animales para &hellip; <\/p>\n<p class=\"link-more\"><a href=\"https:\/\/wp.laboratoriosvillarreal.com\/index.php\/consulta-noms\/\" class=\"more-link\">Continuar leyendo<span class=\"screen-reader-text\"> \u00abConsulta NOMs\u00bb<\/span><\/a><\/p>\n","protected":false},"author":3,"featured_media":0,"parent":0,"menu_order":0,"comment_status":"closed","ping_status":"closed","template":"","meta":{"footnotes":""},"class_list":["post-380","page","type-page","status-publish","hentry"],"_links":{"self":[{"href":"https:\/\/wp.laboratoriosvillarreal.com\/index.php\/wp-json\/wp\/v2\/pages\/380","targetHints":{"allow":["GET"]}}],"collection":[{"href":"https:\/\/wp.laboratoriosvillarreal.com\/index.php\/wp-json\/wp\/v2\/pages"}],"about":[{"href":"https:\/\/wp.laboratoriosvillarreal.com\/index.php\/wp-json\/wp\/v2\/types\/page"}],"author":[{"embeddable":true,"href":"https:\/\/wp.laboratoriosvillarreal.com\/index.php\/wp-json\/wp\/v2\/users\/3"}],"replies":[{"embeddable":true,"href":"https:\/\/wp.laboratoriosvillarreal.com\/index.php\/wp-json\/wp\/v2\/comments?post=380"}],"version-history":[{"count":6,"href":"https:\/\/wp.laboratoriosvillarreal.com\/index.php\/wp-json\/wp\/v2\/pages\/380\/revisions"}],"predecessor-version":[{"id":1805,"href":"https:\/\/wp.laboratoriosvillarreal.com\/index.php\/wp-json\/wp\/v2\/pages\/380\/revisions\/1805"}],"wp:attachment":[{"href":"https:\/\/wp.laboratoriosvillarreal.com\/index.php\/wp-json\/wp\/v2\/media?parent=380"}],"curies":[{"name":"wp","href":"https:\/\/api.w.org\/{rel}","templated":true}]}}