{"id":3,"date":"2019-07-27T23:13:01","date_gmt":"2019-07-27T23:13:01","guid":{"rendered":"https:\/\/wp.laboratoriosvillarreal.com\/?page_id=3"},"modified":"2019-07-28T06:45:40","modified_gmt":"2019-07-28T06:45:40","slug":"privacy-policy","status":"publish","type":"page","link":"https:\/\/wp.laboratoriosvillarreal.com\/index.php\/privacy-policy\/","title":{"rendered":"Aviso de Privacidad"},"content":{"rendered":"\n<p>De acuerdo a lo Previsto en la \u201cLey Federal de Protecci\u00f3n de Datos Personales\u201d, declara Laboratorios en Higiene Villarreal S.A. de C.V., ser una empresa legalmente constituida de conformidad con las leyes mexicanas, con domicilio en V\u00eda Muerta N\u00famero 1825 , Colonia Lomas del Mar, C.P. 94293, Boca del R\u00edo, Veracruz.; y como responsable del tratamiento de sus datos personales, hace de su conocimiento que la informaci\u00f3n de nuestros clientes es tratada de forma estrictamente confidencial por lo que al proporcionar sus datos personales, tales como:<\/p>\n\n\n\n<p>&nbsp;1. Nombre Completo. <\/p>\n\n\n\n<p>2. Tel\u00e9fonos de Hogar, Oficina \u00f3 m\u00f3viles <\/p>\n\n\n\n<p>3. Correo Electr\u00f3nico. <\/p>\n\n\n\n<p>Estos ser\u00e1n utilizados \u00fanica y exclusivamente para los siguientes\nfines: <\/p>\n\n\n\n<p>1. Informaci\u00f3n y Prestaci\u00f3n de Servicios. <\/p>\n\n\n\n<p>2. Actualizaci\u00f3n de la Base de Datos. <\/p>\n\n\n\n<p>3. Cualquier finalidad an\u00e1loga o compatible con las anteriores. <\/p>\n\n\n\n<p>En el caso de Datos sensibles, tales como: <\/p>\n\n\n\n<p>1. Datos Financieros (Ingresos, Estados de Cuenta, y dem\u00e1s\nrelacionados) <\/p>\n\n\n\n<p>2. Datos Patrimoniales (Bienes Materiales, Inmuebles, y dem\u00e1s\nrelacionados) <\/p>\n\n\n\n<p>3. Datos Personales (C\u00f3nyuge, Estado Civil, Nacionalidad,\nEducaci\u00f3n, Hijos, y dem\u00e1s relacionados). <\/p>\n\n\n\n<p>4. Referencias familiares y no familiares (Nombre, Direcci\u00f3n,\nTel\u00e9fono, relaci\u00f3n, etc.). <\/p>\n\n\n\n<p><strong>Estos no ser\u00e1n ni solicitados, \u00a0ni utilizados para ning\u00fan fin,<\/strong> tales como: <\/p>\n\n\n\n<p>1. Investigaci\u00f3n y\/u Obtenci\u00f3n de Cr\u00e9ditos ante las Instituciones\nFinancieras. <\/p>\n\n\n\n<p>2. Cualquier finalidad an\u00e1loga o compatible con la anterior. <\/p>\n\n\n\n<p>3. Informaci\u00f3n y Prestaci\u00f3n de Servicios <\/p>\n\n\n\n<p>Para prevenir el acceso no autorizado a sus datos personales y con\nel fin de asegurar que la informaci\u00f3n sea utilizada para los fines establecidos\nen este aviso de privacidad, hemos establecido diversos procedimientos con la\nfinalidad de evitar el uso o divulgaci\u00f3n no autorizados de sus datos,\npermiti\u00e9ndonos tratarlos debidamente. <\/p>\n\n\n\n<p>As\u00ed mismo, le informamos que sus datos personales pueden ser\nTransmitidos para ser tratados por personas distintas a esta empresa. <\/p>\n\n\n\n<p>Todos sus datos personales son tratados de acuerdo a la legislaci\u00f3n aplicable y vigente en el pa\u00eds, por ello le informamos que usted tiene en todo momento los derechos (ARCO) de acceder, rectificar, cancelar u oponerse al tratamiento que le damos a sus datos personales; derecho que podr\u00e1 hacer valer a trav\u00e9s del \u00c1rea de Privacidad encargada de la seguridad de datos personales en el Tel\u00e9fono Tel: 2292020338, o por medio de su correo electr\u00f3nico:\u00a0 enlaces_higiene@hotmail.com.<\/p>\n\n\n\n<p>A trav\u00e9s de estos canales usted podr\u00e1 actualizar sus datos y especificar el medio por el cual desea recibir informaci\u00f3n, ya que en caso de no contar con esta especificaci\u00f3n de su parte, Laboratorios en Higiene Villarreal S.A. de C.V. establecer\u00e1 libremente el canal que considere pertinente para enviarle informaci\u00f3n. <\/p>\n\n\n\n<p>Este aviso de privacidad podr\u00e1 ser modificado por Laboratorios\nVillarreal S.A. de C.V., dichas modificaciones ser\u00e1n oportunamente informadas a\ntrav\u00e9s de correo electr\u00f3nico, tel\u00e9fono, o cualquier otro medio de comunicaci\u00f3n\nque Laboratorios Villarreal S.A. de C.V. determine para tal efecto. <\/p>\n\n\n\n<p>ATENTAMENTE<\/p>\n\n\n\n<p>Laboratorios en Higiene Villarreal, S.A. de C.V.<\/p>\n","protected":false},"excerpt":{"rendered":"<p>De acuerdo a lo Previsto en la \u201cLey Federal de Protecci\u00f3n de Datos Personales\u201d, declara Laboratorios en Higiene Villarreal S.A. de C.V., ser una empresa legalmente constituida de conformidad con las leyes mexicanas, con domicilio en V\u00eda Muerta N\u00famero 1825 , Colonia Lomas del Mar, C.P. 94293, Boca del R\u00edo, Veracruz.; y como responsable del &hellip; <\/p>\n<p class=\"link-more\"><a href=\"https:\/\/wp.laboratoriosvillarreal.com\/index.php\/privacy-policy\/\" class=\"more-link\">Continuar leyendo<span class=\"screen-reader-text\"> \u00abAviso de Privacidad\u00bb<\/span><\/a><\/p>\n","protected":false},"author":1,"featured_media":0,"parent":0,"menu_order":0,"comment_status":"closed","ping_status":"closed","template":"","meta":{"footnotes":""},"class_list":["post-3","page","type-page","status-publish","hentry"],"_links":{"self":[{"href":"https:\/\/wp.laboratoriosvillarreal.com\/index.php\/wp-json\/wp\/v2\/pages\/3","targetHints":{"allow":["GET"]}}],"collection":[{"href":"https:\/\/wp.laboratoriosvillarreal.com\/index.php\/wp-json\/wp\/v2\/pages"}],"about":[{"href":"https:\/\/wp.laboratoriosvillarreal.com\/index.php\/wp-json\/wp\/v2\/types\/page"}],"author":[{"embeddable":true,"href":"https:\/\/wp.laboratoriosvillarreal.com\/index.php\/wp-json\/wp\/v2\/users\/1"}],"replies":[{"embeddable":true,"href":"https:\/\/wp.laboratoriosvillarreal.com\/index.php\/wp-json\/wp\/v2\/comments?post=3"}],"version-history":[{"count":2,"href":"https:\/\/wp.laboratoriosvillarreal.com\/index.php\/wp-json\/wp\/v2\/pages\/3\/revisions"}],"predecessor-version":[{"id":250,"href":"https:\/\/wp.laboratoriosvillarreal.com\/index.php\/wp-json\/wp\/v2\/pages\/3\/revisions\/250"}],"wp:attachment":[{"href":"https:\/\/wp.laboratoriosvillarreal.com\/index.php\/wp-json\/wp\/v2\/media?parent=3"}],"curies":[{"name":"wp","href":"https:\/\/api.w.org\/{rel}","templated":true}]}}