{"id":2,"date":"2019-07-27T23:13:01","date_gmt":"2019-07-27T23:13:01","guid":{"rendered":"https:\/\/wp.laboratoriosvillarreal.com\/?page_id=2"},"modified":"2022-03-13T15:59:23","modified_gmt":"2022-03-13T21:59:23","slug":"sample-page","status":"publish","type":"page","link":"https:\/\/wp.laboratoriosvillarreal.com\/","title":{"rendered":"Quienes Somos"},"content":{"rendered":"\n<p>Con base en los graves problemas de salud que hay en\nnuestro pa\u00eds por las <strong>ETAS<\/strong>&nbsp;\n(Enfermedades Transmitidas por Alimentos), debido a la falta de\nmanipulaci\u00f3n higi\u00e9nica de los alimentos por parte de los operarios, es\nnecesario tener mucho cuidado con su distribuci\u00f3n, manejo y preparaci\u00f3n, as\u00ed como\ncontar con los controles necesarios (m\u00e9todos objetivos) para poder detectar a\ntiempo los problemas y darles soluci\u00f3n poniendo en pr\u00e1ctica medidas preventivas\ny\/o correctivas a las desviaciones y\/o puntos cr\u00edticos detectados.<\/p>\n\n\n\n<p>Por lo que LABORATORIOS VILLARREAL ofrece la soluci\u00f3n poni\u00e9ndose a sus ordenes como   <strong>\u201cLABORATORIO DE CONTROL SANITARIO INTERNO\u201d<\/strong>,  teniendo como trabajo principal hacer que nuestros clientes cumplan con la <strong>Normatividad de Higiene<\/strong> en el Manejo de Alimentos y Bebidas, prestando nuestros servicios como&nbsp; LABORATORIO INTERNO DEL CLIENTE para <strong> MEJORAR sus PROCESOS, PRODUCTOS y SERVICIOS<\/strong>.<\/p>\n\n\n\n<figure class=\"wp-block-image is-resized\"><a href=\"https:\/\/wp.laboratoriosvillarreal.com\/index.php\/depto-de-analisis-microbiologicos\/\"><img loading=\"lazy\" decoding=\"async\" src=\"https:\/\/wp.laboratoriosvillarreal.com\/wp-content\/uploads\/2019\/07\/microbios.gif\" alt=\"\" class=\"wp-image-359\" width=\"600\" height=\"379\"\/><\/a><\/figure>\n\n\n\n<p>Somos una empresa&nbsp; que cuenta con <strong>7 DEPARTAMENTOS <\/strong> para poderles brindar un mejor SERVICIO, por medio de un equipo Consultores con formaci\u00f3n Profesional en materia de  Calidad e Inocuidad alimentaria <\/p>\n\n\n\n<table width=100% >\n\n<tr WIDTH=150% ><a href=\"https:\/\/wp.laboratoriosvillarreal.com\/index.php\/depto-de-verificacion-de-higiene\/\"> <img decoding=\"async\" src=\"https:\/\/wp.laboratoriosvillarreal.com\/wp-content\/uploads\/2019\/07\/deptos1.png\"\/><\/a><\/tr>\n\n<tr><a href=\"https:\/\/wp.laboratoriosvillarreal.com\/index.php\/depto-de-analisis-microbiologicos\/\"> <img decoding=\"async\" src=\"https:\/\/wp.laboratoriosvillarreal.com\/wp-content\/uploads\/2019\/07\/deptos2.png\"\/> <\/a><\/tr>\n\n<tr><a href=\"https:\/\/wp.laboratoriosvillarreal.com\/index.php\/depto-de-capacitacion-en-normas-de-higiene\/\"> <img decoding=\"async\" src=\"https:\/\/wp.laboratoriosvillarreal.com\/wp-content\/uploads\/2019\/07\/deptos3.png\"\/><\/a><\/tr>\n\n<tr><a href=\"https:\/\/wp.laboratoriosvillarreal.com\/index.php\/depto-de-asesoria-e-instruccion-para-obtencion-distintivo-h\/\"> <img decoding=\"async\" src=\"https:\/\/wp.laboratoriosvillarreal.com\/wp-content\/uploads\/2019\/07\/deptos4.png\"\/> <\/a><\/tr>\n\n<tr><a href=\"https:\/\/wp.laboratoriosvillarreal.com\/index.php\/depto-asesoria-para-verificaciones-secretaria-de-salud\/\"> <img decoding=\"async\" src=\"https:\/\/wp.laboratoriosvillarreal.com\/wp-content\/uploads\/2019\/07\/deptos5.png\"\/> <\/a><\/tr>\n\n<tr><a href=\"https:\/\/wp.laboratoriosvillarreal.com\/index.php\/6-depto-de-gestion-del-cumplimiento-de-la-ley-gral-de-control-de-tabaco\/\"> <img decoding=\"async\" src=\"https:\/\/wp.laboratoriosvillarreal.com\/wp-content\/uploads\/2019\/07\/deptos6.png\"\/><\/a><\/tr>\n\n<tr><a href=\"https:\/\/wp.laboratoriosvillarreal.com\/index.php\/depto-de-gestion-de-productos-que-provocan-alergias-intolerancia-o-hipersensibilidad\/\"> <img decoding=\"async\" src=\"https:\/\/wp.laboratoriosvillarreal.com\/wp-content\/uploads\/2019\/07\/deptos7.png\"\/> <\/a><\/tr>\n\n<\/table>\n\n\n\n<figure class=\"wp-block-embed is-type-video is-provider-youtube wp-block-embed-youtube wp-embed-aspect-16-9 wp-has-aspect-ratio\"><div class=\"wp-block-embed__wrapper\">\n<iframe loading=\"lazy\" title=\"Presentaci\u00f3n de los servicios de Laboratorios Villarreal\" width=\"525\" height=\"295\" src=\"https:\/\/www.youtube.com\/embed\/ULdDNX5wONM?feature=oembed\" frameborder=\"0\" allow=\"accelerometer; autoplay; clipboard-write; encrypted-media; gyroscope; picture-in-picture; web-share\" referrerpolicy=\"strict-origin-when-cross-origin\" allowfullscreen><\/iframe>\n<\/div><\/figure>\n","protected":false},"excerpt":{"rendered":"<p>Con base en los graves problemas de salud que hay en nuestro pa\u00eds por las ETAS&nbsp; (Enfermedades Transmitidas por Alimentos), debido a la falta de manipulaci\u00f3n higi\u00e9nica de los alimentos por parte de los operarios, es necesario tener mucho cuidado con su distribuci\u00f3n, manejo y preparaci\u00f3n, as\u00ed como contar con los controles necesarios (m\u00e9todos objetivos) &hellip; <\/p>\n<p class=\"link-more\"><a href=\"https:\/\/wp.laboratoriosvillarreal.com\/\" class=\"more-link\">Continuar leyendo<span class=\"screen-reader-text\"> \u00abQuienes Somos\u00bb<\/span><\/a><\/p>\n","protected":false},"author":1,"featured_media":0,"parent":0,"menu_order":0,"comment_status":"closed","ping_status":"closed","template":"","meta":{"footnotes":""},"class_list":["post-2","page","type-page","status-publish","hentry"],"_links":{"self":[{"href":"https:\/\/wp.laboratoriosvillarreal.com\/index.php\/wp-json\/wp\/v2\/pages\/2","targetHints":{"allow":["GET"]}}],"collection":[{"href":"https:\/\/wp.laboratoriosvillarreal.com\/index.php\/wp-json\/wp\/v2\/pages"}],"about":[{"href":"https:\/\/wp.laboratoriosvillarreal.com\/index.php\/wp-json\/wp\/v2\/types\/page"}],"author":[{"embeddable":true,"href":"https:\/\/wp.laboratoriosvillarreal.com\/index.php\/wp-json\/wp\/v2\/users\/1"}],"replies":[{"embeddable":true,"href":"https:\/\/wp.laboratoriosvillarreal.com\/index.php\/wp-json\/wp\/v2\/comments?post=2"}],"version-history":[{"count":28,"href":"https:\/\/wp.laboratoriosvillarreal.com\/index.php\/wp-json\/wp\/v2\/pages\/2\/revisions"}],"predecessor-version":[{"id":1371,"href":"https:\/\/wp.laboratoriosvillarreal.com\/index.php\/wp-json\/wp\/v2\/pages\/2\/revisions\/1371"}],"wp:attachment":[{"href":"https:\/\/wp.laboratoriosvillarreal.com\/index.php\/wp-json\/wp\/v2\/media?parent=2"}],"curies":[{"name":"wp","href":"https:\/\/api.w.org\/{rel}","templated":true}]}}