{"id":1778,"date":"2023-07-01T22:38:48","date_gmt":"2023-07-02T04:38:48","guid":{"rendered":"https:\/\/wp.laboratoriosvillarreal.com\/?page_id=1778"},"modified":"2023-07-12T12:10:33","modified_gmt":"2023-07-12T18:10:33","slug":"lhv-muestreador-efrian-gonzalez-lab-cdmx","status":"publish","type":"page","link":"https:\/\/wp.laboratoriosvillarreal.com\/index.php\/lhv-muestreador-efrian-gonzalez-lab-cdmx\/","title":{"rendered":"LHV &#8211; MUESTREADOR: EFRAIN GONZALEZ &#8211; CDMX"},"content":{"rendered":"\n<p><strong>Muestreador y ayudante de Microbiolog\u00eda- <\/strong> <strong>Lab.<\/strong> <strong>CDMX<\/strong><\/p>\n\n\n\n<figure class=\"wp-block-image size-full\"><img loading=\"lazy\" decoding=\"async\" width=\"444\" height=\"479\" src=\"https:\/\/wp.laboratoriosvillarreal.com\/wp-content\/uploads\/2023\/07\/EFRAIN2.jpg\" alt=\"\" class=\"wp-image-1812\" srcset=\"https:\/\/wp.laboratoriosvillarreal.com\/wp-content\/uploads\/2023\/07\/EFRAIN2.jpg 444w, https:\/\/wp.laboratoriosvillarreal.com\/wp-content\/uploads\/2023\/07\/EFRAIN2-278x300.jpg 278w\" sizes=\"auto, (max-width: 444px) 100vw, 444px\" \/><figcaption class=\"wp-element-caption\"><strong><em>EFRAIN GONZALEZ  MIRANDA<\/em><\/strong><\/figcaption><\/figure>\n\n\n\n<figure class=\"wp-block-image size-full\"><img loading=\"lazy\" decoding=\"async\" width=\"808\" height=\"642\" src=\"https:\/\/wp.laboratoriosvillarreal.com\/wp-content\/uploads\/2023\/07\/EFRAIN3.jpg\" alt=\"\" class=\"wp-image-1814\" srcset=\"https:\/\/wp.laboratoriosvillarreal.com\/wp-content\/uploads\/2023\/07\/EFRAIN3.jpg 808w, https:\/\/wp.laboratoriosvillarreal.com\/wp-content\/uploads\/2023\/07\/EFRAIN3-300x238.jpg 300w, https:\/\/wp.laboratoriosvillarreal.com\/wp-content\/uploads\/2023\/07\/EFRAIN3-768x610.jpg 768w\" sizes=\"auto, (max-width: 767px) 89vw, (max-width: 1000px) 54vw, (max-width: 1071px) 543px, 580px\" \/><\/figure>\n\n\n\n<p>Licenciatura: <strong>Ingenier\u00eda Industrial<\/strong><br>Universidad  Aut\u00f3noma Metropolitana  de Azcapotzalco<br>Estatus:  <strong>Estudiante<\/strong><\/p>\n\n\n\n<p>Trabaja en Laboratorios Villarreal desde:  Marzo 2023<\/p>\n","protected":false},"excerpt":{"rendered":"<p>Muestreador y ayudante de Microbiolog\u00eda- Lab. CDMX Licenciatura: Ingenier\u00eda IndustrialUniversidad Aut\u00f3noma Metropolitana de AzcapotzalcoEstatus: Estudiante Trabaja en Laboratorios Villarreal desde: Marzo 2023<\/p>\n","protected":false},"author":1,"featured_media":0,"parent":0,"menu_order":0,"comment_status":"closed","ping_status":"closed","template":"","meta":{"footnotes":""},"class_list":["post-1778","page","type-page","status-publish","hentry"],"_links":{"self":[{"href":"https:\/\/wp.laboratoriosvillarreal.com\/index.php\/wp-json\/wp\/v2\/pages\/1778","targetHints":{"allow":["GET"]}}],"collection":[{"href":"https:\/\/wp.laboratoriosvillarreal.com\/index.php\/wp-json\/wp\/v2\/pages"}],"about":[{"href":"https:\/\/wp.laboratoriosvillarreal.com\/index.php\/wp-json\/wp\/v2\/types\/page"}],"author":[{"embeddable":true,"href":"https:\/\/wp.laboratoriosvillarreal.com\/index.php\/wp-json\/wp\/v2\/users\/1"}],"replies":[{"embeddable":true,"href":"https:\/\/wp.laboratoriosvillarreal.com\/index.php\/wp-json\/wp\/v2\/comments?post=1778"}],"version-history":[{"count":4,"href":"https:\/\/wp.laboratoriosvillarreal.com\/index.php\/wp-json\/wp\/v2\/pages\/1778\/revisions"}],"predecessor-version":[{"id":1815,"href":"https:\/\/wp.laboratoriosvillarreal.com\/index.php\/wp-json\/wp\/v2\/pages\/1778\/revisions\/1815"}],"wp:attachment":[{"href":"https:\/\/wp.laboratoriosvillarreal.com\/index.php\/wp-json\/wp\/v2\/media?parent=1778"}],"curies":[{"name":"wp","href":"https:\/\/api.w.org\/{rel}","templated":true}]}}