{"id":1774,"date":"2023-07-01T22:19:15","date_gmt":"2023-07-02T04:19:15","guid":{"rendered":"https:\/\/wp.laboratoriosvillarreal.com\/?page_id=1774"},"modified":"2023-07-01T23:13:15","modified_gmt":"2023-07-02T05:13:15","slug":"lhv-muestreador-jose-mty","status":"publish","type":"page","link":"https:\/\/wp.laboratoriosvillarreal.com\/index.php\/lhv-muestreador-jose-mty\/","title":{"rendered":"LHV &#8211; MUESTREADOR:  JOSE LUIS MAGA\u00d1A &#8211; MTY"},"content":{"rendered":"\n<p><strong>Muestreador y ayudante de Microbiolog\u00eda- <\/strong> <strong>Lab.<\/strong> <strong>MONTERREY<\/strong><\/p>\n\n\n\n<figure class=\"wp-block-image size-full is-resized\"><img loading=\"lazy\" decoding=\"async\" src=\"https:\/\/wp.laboratoriosvillarreal.com\/wp-content\/uploads\/2023\/07\/jose-1.jpg\" alt=\"\" class=\"wp-image-1793\" width=\"505\" height=\"513\"\/><figcaption class=\"wp-element-caption\"><strong><em>JOSE LUIS MAGA\u00d1A LOPEZ<\/em><\/strong><\/figcaption><\/figure>\n\n\n\n<figure class=\"wp-block-image size-full\"><img loading=\"lazy\" decoding=\"async\" width=\"644\" height=\"509\" src=\"https:\/\/wp.laboratoriosvillarreal.com\/wp-content\/uploads\/2023\/07\/JOSE-LUIS-1.jpg\" alt=\"\" class=\"wp-image-1794\" srcset=\"https:\/\/wp.laboratoriosvillarreal.com\/wp-content\/uploads\/2023\/07\/JOSE-LUIS-1.jpg 644w, https:\/\/wp.laboratoriosvillarreal.com\/wp-content\/uploads\/2023\/07\/JOSE-LUIS-1-300x237.jpg 300w\" sizes=\"auto, (max-width: 644px) 100vw, 644px\" \/><\/figure>\n\n\n\n<p>Licenciatura: <strong>Ingenier\u00eda Qu\u00edmica<\/strong><br>Facultad de Ciencias Qu\u00edmicas: Universidad  Aut\u00f3noma de Nuevo Le\u00f3n<br>Estatus:  <strong>Estudiante<\/strong><\/p>\n\n\n\n<p>Trabaja en Laboratorios Villarreal desde:  Junio 2020<\/p>\n","protected":false},"excerpt":{"rendered":"<p>Muestreador y ayudante de Microbiolog\u00eda- Lab. MONTERREY Licenciatura: Ingenier\u00eda Qu\u00edmicaFacultad de Ciencias Qu\u00edmicas: Universidad Aut\u00f3noma de Nuevo Le\u00f3nEstatus: Estudiante Trabaja en Laboratorios Villarreal desde: Junio 2020<\/p>\n","protected":false},"author":1,"featured_media":0,"parent":0,"menu_order":0,"comment_status":"closed","ping_status":"closed","template":"","meta":{"footnotes":""},"class_list":["post-1774","page","type-page","status-publish","hentry"],"_links":{"self":[{"href":"https:\/\/wp.laboratoriosvillarreal.com\/index.php\/wp-json\/wp\/v2\/pages\/1774","targetHints":{"allow":["GET"]}}],"collection":[{"href":"https:\/\/wp.laboratoriosvillarreal.com\/index.php\/wp-json\/wp\/v2\/pages"}],"about":[{"href":"https:\/\/wp.laboratoriosvillarreal.com\/index.php\/wp-json\/wp\/v2\/types\/page"}],"author":[{"embeddable":true,"href":"https:\/\/wp.laboratoriosvillarreal.com\/index.php\/wp-json\/wp\/v2\/users\/1"}],"replies":[{"embeddable":true,"href":"https:\/\/wp.laboratoriosvillarreal.com\/index.php\/wp-json\/wp\/v2\/comments?post=1774"}],"version-history":[{"count":3,"href":"https:\/\/wp.laboratoriosvillarreal.com\/index.php\/wp-json\/wp\/v2\/pages\/1774\/revisions"}],"predecessor-version":[{"id":1800,"href":"https:\/\/wp.laboratoriosvillarreal.com\/index.php\/wp-json\/wp\/v2\/pages\/1774\/revisions\/1800"}],"wp:attachment":[{"href":"https:\/\/wp.laboratoriosvillarreal.com\/index.php\/wp-json\/wp\/v2\/media?parent=1774"}],"curies":[{"name":"wp","href":"https:\/\/api.w.org\/{rel}","templated":true}]}}