{"id":1534,"date":"2023-06-10T17:31:47","date_gmt":"2023-06-10T23:31:47","guid":{"rendered":"https:\/\/wp.laboratoriosvillarreal.com\/?page_id=1534"},"modified":"2023-06-11T23:29:31","modified_gmt":"2023-06-12T05:29:31","slug":"tipos-de-calidad-de-agua","status":"publish","type":"page","link":"https:\/\/wp.laboratoriosvillarreal.com\/index.php\/tipos-de-calidad-de-agua\/","title":{"rendered":"Tipos de Calidad de Agua"},"content":{"rendered":"\n<p class=\"has-medium-font-size\"><strong><em>\u00bfC\u00f3mo debemos tomar el AGUA?<\/em><\/strong><\/p>\n\n\n\n<p>El agua es esencial para la mayor\u00eda de las formas de vida conocidas por el hombre, incluida la humana.\u00a0El ser humano no puede estar sin beberla m\u00e1s de 5 a 6 d\u00edas sin poner en peligro su vida. El cuerpo humano tiene un 75 % de agua al nacer y cerca del 60 % en la edad adulta.<\/p>\n\n\n<div class=\"wp-block-image\">\n<figure class=\"aligncenter size-full is-resized\"><img loading=\"lazy\" decoding=\"async\" src=\"https:\/\/wp.laboratoriosvillarreal.com\/wp-content\/uploads\/2023\/06\/agua2.jpg\" alt=\"\" class=\"wp-image-1573\" width=\"599\" height=\"405\" srcset=\"https:\/\/wp.laboratoriosvillarreal.com\/wp-content\/uploads\/2023\/06\/agua2.jpg 1003w, https:\/\/wp.laboratoriosvillarreal.com\/wp-content\/uploads\/2023\/06\/agua2-300x203.jpg 300w, https:\/\/wp.laboratoriosvillarreal.com\/wp-content\/uploads\/2023\/06\/agua2-768x520.jpg 768w\" sizes=\"auto, (max-width: 599px) 100vw, 599px\" \/><\/figure><\/div>\n\n\n<p>El agua se clasifica en varios tipos, pero para ser ingerida por el hombre debemos basarnos <strong>en:<\/strong><\/p>\n\n\n\n<p>A) <strong> su Microbiolog\u00eda<\/strong>: <strong>Por lo que te ofrecemos ANALISIS MICROBIOLOGICOS DE AGUA<\/strong>, para saber la cantidad y tipo de microorganimos que estan presentes, y as\u00ed poder determinar el tipo de metodo de Purificaci\u00f3n<\/p>\n\n\n<div class=\"wp-block-image\">\n<figure class=\"aligncenter size-large is-resized\"><img loading=\"lazy\" decoding=\"async\" src=\"https:\/\/wp.laboratoriosvillarreal.com\/wp-content\/uploads\/2023\/06\/MICROS-1024x610.png\" alt=\"\" class=\"wp-image-1574\" width=\"521\" height=\"310\" srcset=\"https:\/\/wp.laboratoriosvillarreal.com\/wp-content\/uploads\/2023\/06\/MICROS-1024x610.png 1024w, https:\/\/wp.laboratoriosvillarreal.com\/wp-content\/uploads\/2023\/06\/MICROS-300x179.png 300w, https:\/\/wp.laboratoriosvillarreal.com\/wp-content\/uploads\/2023\/06\/MICROS-768x457.png 768w, https:\/\/wp.laboratoriosvillarreal.com\/wp-content\/uploads\/2023\/06\/MICROS.png 1219w\" sizes=\"auto, (max-width: 521px) 100vw, 521px\" \/><\/figure><\/div>\n\n\n<p>B) <strong>su Calidad Fisico-Quimica<\/strong>: Por lo que te ofrecemos <strong>ANALISIS FISICOQUIMICOS DE 16 parametros<\/strong> (SDT, EC, pH, Salinidad, ORP, Alcalinidad, Dureza, Sulfatos, Sulfitos, OD, Cloruros, Fierro, Turbidez, etc), para saber su composici\u00f3n F\u00edsica y qu\u00edmica y as\u00ed poder determinar su m\u00e9todo de Filtraci\u00f3n y\/o tratamiento.<\/p>\n\n\n<div class=\"wp-block-image\">\n<figure class=\"aligncenter size-full is-resized\"><img loading=\"lazy\" decoding=\"async\" src=\"https:\/\/wp.laboratoriosvillarreal.com\/wp-content\/uploads\/2023\/06\/AGUA-10.png\" alt=\"\" class=\"wp-image-1586\" width=\"527\" height=\"351\" srcset=\"https:\/\/wp.laboratoriosvillarreal.com\/wp-content\/uploads\/2023\/06\/AGUA-10.png 920w, https:\/\/wp.laboratoriosvillarreal.com\/wp-content\/uploads\/2023\/06\/AGUA-10-300x200.png 300w, https:\/\/wp.laboratoriosvillarreal.com\/wp-content\/uploads\/2023\/06\/AGUA-10-768x513.png 768w\" sizes=\"auto, (max-width: 527px) 100vw, 527px\" \/><\/figure><\/div>\n\n\n<p class=\"has-medium-font-size\"><strong>TIPOS DE AGUA:<\/strong><\/p>\n\n\n\n<p class=\"has-medium-font-size\">&#8211;<strong>AGUA CRUDA:<\/strong> agua proveniente de lluvias, lagos, deshielos, mantos fri\u00e1ticos\u00a0 y\/o pozos<\/p>\n\n\n\n<p class=\"has-medium-font-size\">&#8211;<strong>AGUA POTABLE:<\/strong> agua cruda a la cual se le ha adicionado cloro (1 gota de cloro \/ litro de agua) para oxidar toda la materia org\u00e1nica y hacerla precipitar. Esta calidad de agua debe cumplir con la cantidad requerida de cloro residual <strong>(de 0.2 a 1.5 ppm<\/strong>), llevando su registro diario (m\u00e9todo del DPD u orthotolidina). <\/p>\n\n\n\n<p>NORMA Oficial Mexicana <strong>NOM-127-SSA1-1994<\/strong>: Salud ambiental, agua para uso y consumo humano-L\u00edmites permisibles de calidad y tratamientos a que debe someterse el agua para su potabilizaci\u00f3n. <\/p>\n\n\n\n<p>Se puede almacenar en <strong>CISTERNAS \u00f3 TINACOS:<\/strong><\/p>\n\n\n\n<figure class=\"wp-block-image size-large is-resized\"><img loading=\"lazy\" decoding=\"async\" src=\"https:\/\/wp.laboratoriosvillarreal.com\/wp-content\/uploads\/2023\/06\/agua3-1024x330.png\" alt=\"\" class=\"wp-image-1575\" width=\"708\" height=\"228\" srcset=\"https:\/\/wp.laboratoriosvillarreal.com\/wp-content\/uploads\/2023\/06\/agua3-1024x330.png 1024w, https:\/\/wp.laboratoriosvillarreal.com\/wp-content\/uploads\/2023\/06\/agua3-300x97.png 300w, https:\/\/wp.laboratoriosvillarreal.com\/wp-content\/uploads\/2023\/06\/agua3-768x247.png 768w, https:\/\/wp.laboratoriosvillarreal.com\/wp-content\/uploads\/2023\/06\/agua3.png 1211w\" sizes=\"auto, (max-width: 708px) 100vw, 708px\" \/><\/figure>\n\n\n\n<p class=\"has-medium-font-size\">&#8211;<strong>AGUA FILTRADA<\/strong>: la que pasa por un sistema de filtros:<\/p>\n\n\n\n<p class=\"has-vivid-red-color has-text-color\">a) <strong>Filtro Retenedor de solidos<\/strong> (arena silia de varios gramajes o filtro de papel celulosa): eliminar s\u00f3lidos visibles<\/p>\n\n\n\n<figure class=\"wp-block-image size-full\"><img loading=\"lazy\" decoding=\"async\" width=\"771\" height=\"573\" src=\"https:\/\/wp.laboratoriosvillarreal.com\/wp-content\/uploads\/2023\/06\/AGUA-5.jpg\" alt=\"\" class=\"wp-image-1576\" srcset=\"https:\/\/wp.laboratoriosvillarreal.com\/wp-content\/uploads\/2023\/06\/AGUA-5.jpg 771w, https:\/\/wp.laboratoriosvillarreal.com\/wp-content\/uploads\/2023\/06\/AGUA-5-300x223.jpg 300w, https:\/\/wp.laboratoriosvillarreal.com\/wp-content\/uploads\/2023\/06\/AGUA-5-768x571.jpg 768w\" sizes=\"auto, (max-width: 767px) 89vw, (max-width: 1000px) 54vw, (max-width: 1071px) 543px, 580px\" \/><\/figure>\n\n\n\n<p class=\"has-vivid-red-color has-text-color\">b) <strong>Filtro de Carb\u00f3n Activado<\/strong>: para eliminar olores, sabores y colores,<\/p>\n\n\n\n<figure class=\"wp-block-image size-full\"><img loading=\"lazy\" decoding=\"async\" width=\"769\" height=\"580\" src=\"https:\/\/wp.laboratoriosvillarreal.com\/wp-content\/uploads\/2023\/06\/AGUA-6.jpg\" alt=\"\" class=\"wp-image-1577\" srcset=\"https:\/\/wp.laboratoriosvillarreal.com\/wp-content\/uploads\/2023\/06\/AGUA-6.jpg 769w, https:\/\/wp.laboratoriosvillarreal.com\/wp-content\/uploads\/2023\/06\/AGUA-6-300x226.jpg 300w\" sizes=\"auto, (max-width: 767px) 89vw, (max-width: 1000px) 54vw, (max-width: 1071px) 543px, 580px\" \/><\/figure>\n\n\n\n<p class=\"has-vivid-red-color has-text-color\">c) <strong>Filtro de Resina de intercambio i\u00f3nico<\/strong>: para eliminar la dureza (carbonatos y bicarbonatos)<\/p>\n\n\n\n<figure class=\"wp-block-image size-full\"><img loading=\"lazy\" decoding=\"async\" width=\"771\" height=\"580\" src=\"https:\/\/wp.laboratoriosvillarreal.com\/wp-content\/uploads\/2023\/06\/AGUA-7.jpg\" alt=\"\" class=\"wp-image-1578\" srcset=\"https:\/\/wp.laboratoriosvillarreal.com\/wp-content\/uploads\/2023\/06\/AGUA-7.jpg 771w, https:\/\/wp.laboratoriosvillarreal.com\/wp-content\/uploads\/2023\/06\/AGUA-7-300x226.jpg 300w, https:\/\/wp.laboratoriosvillarreal.com\/wp-content\/uploads\/2023\/06\/AGUA-7-768x578.jpg 768w\" sizes=\"auto, (max-width: 767px) 89vw, (max-width: 1000px) 54vw, (max-width: 1071px) 543px, 580px\" \/><\/figure>\n\n\n\n<p class=\"has-medium-font-size\">&#8211;<strong>AGUA PURIFICADA<\/strong>: es el agua filtrada se pasa por un ultimo tratamiento para eliminar microorganismos presentes. Estos tratamientos de preferencia deben ser colocados en las tomas de agua para su consumo, pueden ser:<\/p>\n\n\n\n<p class=\"has-vivid-purple-color has-text-color\">a) <strong>LAMPARA DE LUZ ULTRAVIOLETA (UVC):  <\/strong>luz ultravioleta es producida como resultado del flujo de corriente a trav\u00e9s del vapor de mercurio entre los electrodos de la l\u00e1mpara. Siendo eficiente para matar microbios. La l\u00e1mpara germicida es construida con cuarzo y solo tiene un periodo de vida de <strong>6,000 horas continuas (aprox. 8 meses)<\/strong><\/p>\n\n\n\n<figure class=\"wp-block-image size-large\"><img loading=\"lazy\" decoding=\"async\" width=\"1024\" height=\"284\" src=\"https:\/\/wp.laboratoriosvillarreal.com\/wp-content\/uploads\/2023\/06\/AGUA-8-1024x284.png\" alt=\"\" class=\"wp-image-1579\" srcset=\"https:\/\/wp.laboratoriosvillarreal.com\/wp-content\/uploads\/2023\/06\/AGUA-8-1024x284.png 1024w, https:\/\/wp.laboratoriosvillarreal.com\/wp-content\/uploads\/2023\/06\/AGUA-8-300x83.png 300w, https:\/\/wp.laboratoriosvillarreal.com\/wp-content\/uploads\/2023\/06\/AGUA-8-768x213.png 768w, https:\/\/wp.laboratoriosvillarreal.com\/wp-content\/uploads\/2023\/06\/AGUA-8.png 1472w\" sizes=\"auto, (max-width: 767px) 89vw, (max-width: 1000px) 54vw, (max-width: 1071px) 543px, 580px\" \/><\/figure>\n\n\n\n<p class=\"has-vivid-cyan-blue-color has-text-color\">b) <strong>Generador de Ozono:<\/strong> El ozono que se ha producido se pasa luego a un difusor que crea burbujas y las satura con\u00a0<strong>ozono<\/strong>.\u00a0Estas burbujas saturadas de\u00a0<strong>ozono<\/strong>\u00a0luego se mezclan con\u00a0<strong>agua<\/strong>\u00a0en un tanque de\u00a0<strong>purificaci\u00f3n de agua<\/strong>\u00a0haciendo que la mol\u00e9cula de ox\u00edgeno m\u00e1s d\u00e9bil en el ozono se separe y se una a las mol\u00e9culas org\u00e1nicas existentes en el\u00a0<strong>agua<\/strong>.<\/p>\n\n\n<div class=\"wp-block-image\">\n<figure class=\"aligncenter size-large is-resized\"><img loading=\"lazy\" decoding=\"async\" src=\"https:\/\/wp.laboratoriosvillarreal.com\/wp-content\/uploads\/2023\/06\/agua-9-1024x492.png\" alt=\"\" class=\"wp-image-1582\" width=\"487\" height=\"233\" srcset=\"https:\/\/wp.laboratoriosvillarreal.com\/wp-content\/uploads\/2023\/06\/agua-9-1024x492.png 1024w, https:\/\/wp.laboratoriosvillarreal.com\/wp-content\/uploads\/2023\/06\/agua-9-300x144.png 300w, https:\/\/wp.laboratoriosvillarreal.com\/wp-content\/uploads\/2023\/06\/agua-9-768x369.png 768w, https:\/\/wp.laboratoriosvillarreal.com\/wp-content\/uploads\/2023\/06\/agua-9.png 1067w\" sizes=\"auto, (max-width: 487px) 100vw, 487px\" \/><\/figure><\/div>\n\n\n<p>HASTA ESTE PUNTO TENEMOS UN AGUA LISTA PARA SU CONSUMO:<\/p>\n\n\n<div class=\"wp-block-image\">\n<figure class=\"aligncenter size-full is-resized\"><img loading=\"lazy\" decoding=\"async\" src=\"https:\/\/wp.laboratoriosvillarreal.com\/wp-content\/uploads\/2023\/06\/agua1-1.png\" alt=\"\" class=\"wp-image-1583\" width=\"198\" height=\"382\" srcset=\"https:\/\/wp.laboratoriosvillarreal.com\/wp-content\/uploads\/2023\/06\/agua1-1.png 247w, https:\/\/wp.laboratoriosvillarreal.com\/wp-content\/uploads\/2023\/06\/agua1-1-156x300.png 156w\" sizes=\"auto, (max-width: 198px) 100vw, 198px\" \/><\/figure><\/div>\n\n\n<p><\/p>\n","protected":false},"excerpt":{"rendered":"<p>\u00bfC\u00f3mo debemos tomar el AGUA? El agua es esencial para la mayor\u00eda de las formas de vida conocidas por el hombre, incluida la humana.\u00a0El ser humano no puede estar sin beberla m\u00e1s de 5 a 6 d\u00edas sin poner en peligro su vida. El cuerpo humano tiene un 75 % de agua al nacer y &hellip; <\/p>\n<p class=\"link-more\"><a href=\"https:\/\/wp.laboratoriosvillarreal.com\/index.php\/tipos-de-calidad-de-agua\/\" class=\"more-link\">Continuar leyendo<span class=\"screen-reader-text\"> \u00abTipos de Calidad de Agua\u00bb<\/span><\/a><\/p>\n","protected":false},"author":1,"featured_media":0,"parent":0,"menu_order":0,"comment_status":"closed","ping_status":"closed","template":"","meta":{"footnotes":""},"class_list":["post-1534","page","type-page","status-publish","hentry"],"_links":{"self":[{"href":"https:\/\/wp.laboratoriosvillarreal.com\/index.php\/wp-json\/wp\/v2\/pages\/1534","targetHints":{"allow":["GET"]}}],"collection":[{"href":"https:\/\/wp.laboratoriosvillarreal.com\/index.php\/wp-json\/wp\/v2\/pages"}],"about":[{"href":"https:\/\/wp.laboratoriosvillarreal.com\/index.php\/wp-json\/wp\/v2\/types\/page"}],"author":[{"embeddable":true,"href":"https:\/\/wp.laboratoriosvillarreal.com\/index.php\/wp-json\/wp\/v2\/users\/1"}],"replies":[{"embeddable":true,"href":"https:\/\/wp.laboratoriosvillarreal.com\/index.php\/wp-json\/wp\/v2\/comments?post=1534"}],"version-history":[{"count":5,"href":"https:\/\/wp.laboratoriosvillarreal.com\/index.php\/wp-json\/wp\/v2\/pages\/1534\/revisions"}],"predecessor-version":[{"id":1589,"href":"https:\/\/wp.laboratoriosvillarreal.com\/index.php\/wp-json\/wp\/v2\/pages\/1534\/revisions\/1589"}],"wp:attachment":[{"href":"https:\/\/wp.laboratoriosvillarreal.com\/index.php\/wp-json\/wp\/v2\/media?parent=1534"}],"curies":[{"name":"wp","href":"https:\/\/api.w.org\/{rel}","templated":true}]}}