{"id":1424,"date":"2022-03-13T19:09:33","date_gmt":"2022-03-14T01:09:33","guid":{"rendered":"https:\/\/wp.laboratoriosvillarreal.com\/?page_id=1424"},"modified":"2025-08-05T19:21:12","modified_gmt":"2025-08-06T01:21:12","slug":"aula-virtual-cursos","status":"publish","type":"page","link":"https:\/\/wp.laboratoriosvillarreal.com\/index.php\/aula-virtual-cursos\/","title":{"rendered":"AULA VIRTUAL: CURSOS"},"content":{"rendered":"\n<p>Para que puedas aprender m\u00e1s sobre \u00e9stos temas de Higiene de forma m\u00e1s facil y comoda en cuanto a fechas y horarios, no dejes de visitar nuestra Aula Virtual, en la cual hay muchos Cursos y videos pr\u00e1cticos que te ayudaran al desempe\u00f1o de tu trabajo:<\/p>\n\n\n\n<figure class=\"wp-block-image size-full is-resized\"><img loading=\"lazy\" decoding=\"async\" width=\"960\" height=\"720\" src=\"https:\/\/wp.laboratoriosvillarreal.com\/wp-content\/uploads\/2022\/03\/SALON.jpg\" alt=\"\" class=\"wp-image-1425\" style=\"width:673px;height:504px\" srcset=\"https:\/\/wp.laboratoriosvillarreal.com\/wp-content\/uploads\/2022\/03\/SALON.jpg 960w, https:\/\/wp.laboratoriosvillarreal.com\/wp-content\/uploads\/2022\/03\/SALON-300x225.jpg 300w, https:\/\/wp.laboratoriosvillarreal.com\/wp-content\/uploads\/2022\/03\/SALON-768x576.jpg 768w\" sizes=\"auto, (max-width: 767px) 89vw, (max-width: 1000px) 54vw, (max-width: 1071px) 543px, 580px\" \/><figcaption class=\"wp-element-caption\">aula.laboratoriosvillarreal.com<\/figcaption><\/figure>\n\n\n\n<p><\/p>\n","protected":false},"excerpt":{"rendered":"<p>Para que puedas aprender m\u00e1s sobre \u00e9stos temas de Higiene de forma m\u00e1s facil y comoda en cuanto a fechas y horarios, no dejes de visitar nuestra Aula Virtual, en la cual hay muchos Cursos y videos pr\u00e1cticos que te ayudaran al desempe\u00f1o de tu trabajo:<\/p>\n","protected":false},"author":3,"featured_media":0,"parent":0,"menu_order":0,"comment_status":"closed","ping_status":"closed","template":"","meta":{"footnotes":""},"class_list":["post-1424","page","type-page","status-publish","hentry"],"_links":{"self":[{"href":"https:\/\/wp.laboratoriosvillarreal.com\/index.php\/wp-json\/wp\/v2\/pages\/1424","targetHints":{"allow":["GET"]}}],"collection":[{"href":"https:\/\/wp.laboratoriosvillarreal.com\/index.php\/wp-json\/wp\/v2\/pages"}],"about":[{"href":"https:\/\/wp.laboratoriosvillarreal.com\/index.php\/wp-json\/wp\/v2\/types\/page"}],"author":[{"embeddable":true,"href":"https:\/\/wp.laboratoriosvillarreal.com\/index.php\/wp-json\/wp\/v2\/users\/3"}],"replies":[{"embeddable":true,"href":"https:\/\/wp.laboratoriosvillarreal.com\/index.php\/wp-json\/wp\/v2\/comments?post=1424"}],"version-history":[{"count":5,"href":"https:\/\/wp.laboratoriosvillarreal.com\/index.php\/wp-json\/wp\/v2\/pages\/1424\/revisions"}],"predecessor-version":[{"id":1841,"href":"https:\/\/wp.laboratoriosvillarreal.com\/index.php\/wp-json\/wp\/v2\/pages\/1424\/revisions\/1841"}],"wp:attachment":[{"href":"https:\/\/wp.laboratoriosvillarreal.com\/index.php\/wp-json\/wp\/v2\/media?parent=1424"}],"curies":[{"name":"wp","href":"https:\/\/api.w.org\/{rel}","templated":true}]}}