{"id":119,"date":"2019-07-28T02:16:16","date_gmt":"2019-07-28T02:16:16","guid":{"rendered":"https:\/\/wp.laboratoriosvillarreal.com\/?page_id=119"},"modified":"2023-06-10T19:07:14","modified_gmt":"2023-06-11T01:07:14","slug":"pagina-1","status":"publish","type":"page","link":"https:\/\/wp.laboratoriosvillarreal.com\/index.php\/pagina-1\/","title":{"rendered":"Intranet"},"content":{"rendered":"\n<p>Contenido Privado:  Es parte de nuestro servicio proporcionar el material necesiario para trabajar.  <\/p>\n\n\n\n<p>Para entrar a esta secci\u00f3n deber\u00e1s ser parte de nuestro EQUIPO DE TRABAJO \u00f3 nuestro Cliente, para lo cual requieres de  una contrase\u00f1a:<\/p>\n\n\n<div class=\"wp-block-image\">\n<figure class=\"aligncenter is-resized\"><img loading=\"lazy\" decoding=\"async\" src=\"https:\/\/wp.laboratoriosvillarreal.com\/wp-content\/uploads\/2019\/07\/verificacion-2-1.jpg\" alt=\"\" class=\"wp-image-316\" width=\"293\" height=\"253\"\/><\/figure><\/div>\n\n\n<p>En esta Secci\u00f3n encontrar\u00e1s <strong>AYUDAS VISUALES<\/strong>  para  ENVIARLAS \u00f3 IMPRIMIRLAS: <\/p>\n\n\n<div class=\"passster-form\" id=\"ps-234\">\n    <form class=\"password-form\" method=\"post\" autocomplete=\"off\" target=\"_top\">\n        <span class=\"ps-form-headline\">Area Protegida<\/span>\n        <div class=\"ps-form-instructions-wrap\">El contenido esta protegido por contrase\u00f1a. Verifique para mostrar el contenido oculto.<\/div>\n        <fieldset>\n            <span class=\"ps-loader\" style=\"display:none;\"><img decoding=\"async\" src=\"https:\/\/wp.laboratoriosvillarreal.com\/wp-content\/plugins\/content-protector\/assets\/public\/ps-loader.svg\" alt=\"\" \/><\/span>\n            <label for=\"input-ps-234\" style=\"display:none;\" class=\"passster-hidden\">Enter your password<\/label>\n            <input placeholder=\"Introduzca su Contrase\u00f1a\" type=\"password\" tabindex=\"1\" name=\"passster_password\"\n                   id=\"input-ps-234\" class=\"passster-password\" autocomplete=\"off\"\n                   data-protection-type=\"password\" data-list=\"[PASSSTER_LIST]\" data-lists=\"[PASSSTER_LISTS]\" data-area=\"1538\"\n                   data-protection=\"area\">\n            \n            <button name=\"submit\" type=\"submit\" class=\"passster-submit\" data-psid=\"ps-234\" data-post-id=\"119\" data-term-id=\"0\" \n                    data-submit=\"...Checking Password\" data-redirect=\"\">Enviar\n            <\/button>\n            <div class=\"passster-error\"><\/div>\n        <\/fieldset>\n    <\/form>\n<\/div>\n\n\n\n\n<p> En esta Secci\u00f3n encontrar\u00e1s <strong>FORMATOS INTERNOS<\/strong> para  ENVIARLOS \u00f3 IMPRIMIRLOS: <\/p>\n\n\n<div class=\"passster-form\" id=\"ps-448\">\n    <form class=\"password-form\" method=\"post\" autocomplete=\"off\" target=\"_top\">\n        <span class=\"ps-form-headline\">Area Protegida<\/span>\n        <div class=\"ps-form-instructions-wrap\">El contenido esta protegido por contrase\u00f1a. Verifique para mostrar el contenido oculto.<\/div>\n        <fieldset>\n            <span class=\"ps-loader\" style=\"display:none;\"><img decoding=\"async\" src=\"https:\/\/wp.laboratoriosvillarreal.com\/wp-content\/plugins\/content-protector\/assets\/public\/ps-loader.svg\" alt=\"\" \/><\/span>\n            <label for=\"input-ps-448\" style=\"display:none;\" class=\"passster-hidden\">Enter your password<\/label>\n            <input placeholder=\"Introduzca su Contrase\u00f1a\" type=\"password\" tabindex=\"1\" name=\"passster_password\"\n                   id=\"input-ps-448\" class=\"passster-password\" autocomplete=\"off\"\n                   data-protection-type=\"password\" data-list=\"[PASSSTER_LIST]\" data-lists=\"[PASSSTER_LISTS]\" data-area=\"1541\"\n                   data-protection=\"area\">\n            \n            <button name=\"submit\" type=\"submit\" class=\"passster-submit\" data-psid=\"ps-448\" data-post-id=\"119\" data-term-id=\"0\" \n                    data-submit=\"...Checking Password\" data-redirect=\"\">Enviar\n            <\/button>\n            <div class=\"passster-error\"><\/div>\n        <\/fieldset>\n    <\/form>\n<\/div>\n\n\n\n\n<p><\/p>\n\n\n\n<p>En esta Secci\u00f3n encontrar\u00e1s los procedimientos para elaborar: <strong> ALBUM, REPORTE \u00f3 DIAGNOSTICO:<\/strong><\/p>\n\n\n<div class=\"passster-form\" id=\"ps-954\">\n    <form class=\"password-form\" method=\"post\" autocomplete=\"off\" target=\"_top\">\n        <span class=\"ps-form-headline\">Area Protegida<\/span>\n        <div class=\"ps-form-instructions-wrap\">El contenido esta protegido por contrase\u00f1a. Verifique para mostrar el contenido oculto.<\/div>\n        <fieldset>\n            <span class=\"ps-loader\" style=\"display:none;\"><img decoding=\"async\" src=\"https:\/\/wp.laboratoriosvillarreal.com\/wp-content\/plugins\/content-protector\/assets\/public\/ps-loader.svg\" alt=\"\" \/><\/span>\n            <label for=\"input-ps-954\" style=\"display:none;\" class=\"passster-hidden\">Enter your password<\/label>\n            <input placeholder=\"Introduzca su Contrase\u00f1a\" type=\"password\" tabindex=\"1\" name=\"passster_password\"\n                   id=\"input-ps-954\" class=\"passster-password\" autocomplete=\"off\"\n                   data-protection-type=\"password\" data-list=\"[PASSSTER_LIST]\" data-lists=\"[PASSSTER_LISTS]\" data-area=\"1558\"\n                   data-protection=\"area\">\n            \n            <button name=\"submit\" type=\"submit\" class=\"passster-submit\" data-psid=\"ps-954\" data-post-id=\"119\" data-term-id=\"0\" \n                    data-submit=\"...Checking Password\" data-redirect=\"\">Enviar\n            <\/button>\n            <div class=\"passster-error\"><\/div>\n        <\/fieldset>\n    <\/form>\n<\/div>\n\n","protected":false},"excerpt":{"rendered":"<p>Contenido Privado: Es parte de nuestro servicio proporcionar el material necesiario para trabajar. Para entrar a esta secci\u00f3n deber\u00e1s ser parte de nuestro EQUIPO DE TRABAJO \u00f3 nuestro Cliente, para lo cual requieres de una contrase\u00f1a: En esta Secci\u00f3n encontrar\u00e1s AYUDAS VISUALES para ENVIARLAS \u00f3 IMPRIMIRLAS: En esta Secci\u00f3n encontrar\u00e1s FORMATOS INTERNOS para ENVIARLOS \u00f3 &hellip; <\/p>\n<p class=\"link-more\"><a href=\"https:\/\/wp.laboratoriosvillarreal.com\/index.php\/pagina-1\/\" class=\"more-link\">Continuar leyendo<span class=\"screen-reader-text\"> \u00abIntranet\u00bb<\/span><\/a><\/p>\n","protected":false},"author":1,"featured_media":0,"parent":0,"menu_order":0,"comment_status":"closed","ping_status":"closed","template":"","meta":{"footnotes":""},"class_list":["post-119","page","type-page","status-publish","hentry"],"_links":{"self":[{"href":"https:\/\/wp.laboratoriosvillarreal.com\/index.php\/wp-json\/wp\/v2\/pages\/119","targetHints":{"allow":["GET"]}}],"collection":[{"href":"https:\/\/wp.laboratoriosvillarreal.com\/index.php\/wp-json\/wp\/v2\/pages"}],"about":[{"href":"https:\/\/wp.laboratoriosvillarreal.com\/index.php\/wp-json\/wp\/v2\/types\/page"}],"author":[{"embeddable":true,"href":"https:\/\/wp.laboratoriosvillarreal.com\/index.php\/wp-json\/wp\/v2\/users\/1"}],"replies":[{"embeddable":true,"href":"https:\/\/wp.laboratoriosvillarreal.com\/index.php\/wp-json\/wp\/v2\/comments?post=119"}],"version-history":[{"count":35,"href":"https:\/\/wp.laboratoriosvillarreal.com\/index.php\/wp-json\/wp\/v2\/pages\/119\/revisions"}],"predecessor-version":[{"id":1559,"href":"https:\/\/wp.laboratoriosvillarreal.com\/index.php\/wp-json\/wp\/v2\/pages\/119\/revisions\/1559"}],"wp:attachment":[{"href":"https:\/\/wp.laboratoriosvillarreal.com\/index.php\/wp-json\/wp\/v2\/media?parent=119"}],"curies":[{"name":"wp","href":"https:\/\/api.w.org\/{rel}","templated":true}]}}