{"id":1100,"date":"2019-09-17T16:52:41","date_gmt":"2019-09-17T22:52:41","guid":{"rendered":"https:\/\/wp.laboratoriosvillarreal.com\/?page_id=1100"},"modified":"2025-08-05T19:18:36","modified_gmt":"2025-08-06T01:18:36","slug":"equipo-de-trabajo","status":"publish","type":"page","link":"https:\/\/wp.laboratoriosvillarreal.com\/index.php\/equipo-de-trabajo\/","title":{"rendered":"Equipo de Trabajo:"},"content":{"rendered":"\n<p><strong>VERIFICADORES DE HIGIENE<\/strong>: son profesionistas del ramo quimico-biol\u00f3gico, con especialidad en alimentos y cumplimiento de la normatividad de Higiene vigente en nuestro Pa\u00eds por lo que saben aplicar la C\u00e9dula de Higiene basada en las 2 normas y  tambi\u00e9n realizan el Muestreo de alimentos, agua. hielo y superficies, para entregar al Laboratorio:<\/p>\n\n\n\n<figure class=\"wp-block-gallery has-nested-images columns-default is-cropped wp-block-gallery-1 is-layout-flex wp-block-gallery-is-layout-flex\">\n<figure class=\"wp-block-image size-large\"><img loading=\"lazy\" decoding=\"async\" width=\"930\" height=\"552\" data-id=\"1435\" src=\"https:\/\/wp.laboratoriosvillarreal.com\/wp-content\/uploads\/2022\/03\/COCINA2.png\" alt=\"\" class=\"wp-image-1435\" srcset=\"https:\/\/wp.laboratoriosvillarreal.com\/wp-content\/uploads\/2022\/03\/COCINA2.png 930w, https:\/\/wp.laboratoriosvillarreal.com\/wp-content\/uploads\/2022\/03\/COCINA2-300x178.png 300w, https:\/\/wp.laboratoriosvillarreal.com\/wp-content\/uploads\/2022\/03\/COCINA2-768x456.png 768w\" sizes=\"auto, (max-width: 767px) 89vw, (max-width: 1000px) 54vw, (max-width: 1071px) 543px, 580px\" \/><figcaption class=\"wp-element-caption\">VERIFICADORES DE HIGIENE<\/figcaption><\/figure>\n<\/figure>\n\n\n\n<p><a href=\"https:\/\/wp.laboratoriosvillarreal.com\/index.php\/lv-verificador-001\/\">VERIFICADORA DE HIGIENE: MARIA ANTONIETA VILLARREAL<\/a><\/p>\n\n\n\n<p><a rel=\"noreferrer noopener\" aria-label=\"VERIFICADOR IVONNE VEGA (opens in a new tab)\" href=\"https:\/\/wp.laboratoriosvillarreal.com\/index.php\/lv-verificador-002\/\" target=\"_blank\">VERIFICADORA DE HIGIENE: IVONNE VEGA<\/a> &#8211; CDMX<\/p>\n\n\n\n<p><a rel=\"noreferrer noopener\" aria-label=\"VERIFICADOR LAURA MENDOZA (opens in a new tab)\" href=\"https:\/\/wp.laboratoriosvillarreal.com\/index.php\/lv-verificador-004\/\" target=\"_blank\">VERIFICADORA DE HIGIENE: LAURA MENDOZA<\/a> &#8211; CDMX<\/p>\n\n\n\n<p><a href=\"https:\/\/wp.laboratoriosvillarreal.com\/index.php\/lv-verificador-005\/\">VERIFICADORA DE HIGIENE Y MICROBIOLOGA:  ISABEL PALACIOS<\/a> &#8211; VERACRUZ<\/p>\n\n\n\n<p><a href=\"https:\/\/wp.laboratoriosvillarreal.com\/index.php\/lv-verificador-006\/\">VERIFICADORA DE HIGIENE: ERIKA VILLEGAS<\/a> &#8211; CDMX<\/p>\n\n\n\n<p><a href=\"https:\/\/wp.laboratoriosvillarreal.com\/index.php\/lv-verificador-010\/\">VERIFICADOR DE HIGIENE: ISMAEL SOLIS<\/a> &#8211; VERACRUZ<\/p>\n\n\n\n<p><a href=\"https:\/\/wp.laboratoriosvillarreal.com\/index.php\/lhv-dos\/\">VERIFICADORA DE HIGIENE: FRANCISCA CASTELLANOS<\/a> &#8211; VERACRUZ<\/p>\n\n\n\n<p><a href=\"https:\/\/wp.laboratoriosvillarreal.com\/index.php\/lv-verificador-011\/\">VERIFICADORA DE HIGIENE: MIRANDA RODRIGUEZ<\/a> &#8211; VERACRUZ<\/p>\n\n\n\n<p><a href=\"https:\/\/wp.laboratoriosvillarreal.com\/index.php\/lv-verificador-015\/\">VERIFICADORA DE HIGIENE: MARIELA CANALES<\/a> &#8211; VERACRUZ<\/p>\n\n\n\n<p><a href=\"https:\/\/wp.laboratoriosvillarreal.com\/index.php\/lv-verificador-016\/\">VERIFICADOR DE HIGIENE: RAMON TELLO<\/a> &#8211; VERACRUZ<\/p>\n\n\n\n<p><a href=\"https:\/\/wp.laboratoriosvillarreal.com\/index.php\/lv-verificador-017\">VERIFICADORA DE HIGIENE Y MICROBIOLOGA: MELISSA MAGA\u00d1A<\/a> &#8211; MONTERREY<\/p>\n\n\n\n<p><a href=\"https:\/\/wp.laboratoriosvillarreal.com\/index.php\/lhv\/\">VERIFICADORA DE HIGIENE: LIA RODRIGUEZ<\/a> &#8211; CDMX<\/p>\n\n\n\n<p><a href=\"https:\/\/wp.laboratoriosvillarreal.com\/index.php\/lv-verificador-019\/\">VERIFICADORA DE HIGIENE: AKARI VELASCO <\/a> &#8211; VERACRUZ<\/p>\n\n\n\n<p><\/p>\n\n\n\n<p><\/p>\n\n\n\n<p><strong>MICROBIOLOGOS<\/strong>: son profesionistas del ramo qu\u00edmico-biol\u00f3gico, con especialidad en alimentos y que est\u00e1n de responsables de recibir, sembrar y reportar los resultados de los an\u00e1lisis microbiol\u00f3gicos que se practican en el laboratorio, siendo los 4 par\u00e1metros b\u00e1sicos: Cuenta total, Hongos\/Levaduras, Coliformes totales y Coliformes Fecales. Esto se hace con el fin de poderlos asesorar de mejor manera<\/p>\n\n\n\n<hr class=\"wp-block-separator has-css-opacity\"\/>\n\n\n\n<figure class=\"wp-block-image size-full\"><img loading=\"lazy\" decoding=\"async\" width=\"922\" height=\"547\" src=\"https:\/\/wp.laboratoriosvillarreal.com\/wp-content\/uploads\/2022\/03\/LABORATORIO.png\" alt=\"\" class=\"wp-image-1436\" srcset=\"https:\/\/wp.laboratoriosvillarreal.com\/wp-content\/uploads\/2022\/03\/LABORATORIO.png 922w, https:\/\/wp.laboratoriosvillarreal.com\/wp-content\/uploads\/2022\/03\/LABORATORIO-300x178.png 300w, https:\/\/wp.laboratoriosvillarreal.com\/wp-content\/uploads\/2022\/03\/LABORATORIO-768x456.png 768w\" sizes=\"auto, (max-width: 767px) 89vw, (max-width: 1000px) 54vw, (max-width: 1071px) 543px, 580px\" \/><\/figure>\n\n\n\n<p><a href=\"https:\/\/wp.laboratoriosvillarreal.com\/index.php\/lv-microbiologo-002\/\">MICROBIOLOGA TERESA HERNANDEZ<\/a> &#8211; VERACRUZ<\/p>\n\n\n\n<p><a href=\"https:\/\/wp.laboratoriosvillarreal.com\/index.php\/lhv-dpto-microbiologia-dulce-cdmx\/\">MICROBIOLOGA DULCE ABRIL SANCHEZ  MENDOZA<\/a> -CDMX<\/p>\n\n\n\n<p><a href=\"https:\/\/wp.laboratoriosvillarreal.com\/index.php\/lhv-muestreador-jose-mty\/\">MUESTREADOR: JOSE LUIS MAGA\u00d1A LOPEZ<\/a> &#8211; MONTERREY<\/p>\n\n\n\n<p><a href=\"https:\/\/wp.laboratoriosvillarreal.com\/index.php\/lhv-muestreador-efrian-gonzalez-lab-cdmx\/\">MUESTREADOR: EFRAIN GONZALEZ MIRANDA<\/a> &#8211; CDMX<\/p>\n\n\n\n<p><\/p>\n\n\n\n<p><\/p>\n\n\n\n<p><\/p>\n\n\n\n<p><\/p>\n","protected":false},"excerpt":{"rendered":"<p>VERIFICADORES DE HIGIENE: son profesionistas del ramo quimico-biol\u00f3gico, con especialidad en alimentos y cumplimiento de la normatividad de Higiene vigente en nuestro Pa\u00eds por lo que saben aplicar la C\u00e9dula de Higiene basada en las 2 normas y tambi\u00e9n realizan el Muestreo de alimentos, agua. hielo y superficies, para entregar al Laboratorio: VERIFICADORA DE HIGIENE: &hellip; <\/p>\n<p class=\"link-more\"><a href=\"https:\/\/wp.laboratoriosvillarreal.com\/index.php\/equipo-de-trabajo\/\" class=\"more-link\">Continuar leyendo<span class=\"screen-reader-text\"> \u00abEquipo de Trabajo:\u00bb<\/span><\/a><\/p>\n","protected":false},"author":2,"featured_media":0,"parent":0,"menu_order":0,"comment_status":"closed","ping_status":"closed","template":"","meta":{"footnotes":""},"class_list":["post-1100","page","type-page","status-publish","hentry"],"_links":{"self":[{"href":"https:\/\/wp.laboratoriosvillarreal.com\/index.php\/wp-json\/wp\/v2\/pages\/1100","targetHints":{"allow":["GET"]}}],"collection":[{"href":"https:\/\/wp.laboratoriosvillarreal.com\/index.php\/wp-json\/wp\/v2\/pages"}],"about":[{"href":"https:\/\/wp.laboratoriosvillarreal.com\/index.php\/wp-json\/wp\/v2\/types\/page"}],"author":[{"embeddable":true,"href":"https:\/\/wp.laboratoriosvillarreal.com\/index.php\/wp-json\/wp\/v2\/users\/2"}],"replies":[{"embeddable":true,"href":"https:\/\/wp.laboratoriosvillarreal.com\/index.php\/wp-json\/wp\/v2\/comments?post=1100"}],"version-history":[{"count":54,"href":"https:\/\/wp.laboratoriosvillarreal.com\/index.php\/wp-json\/wp\/v2\/pages\/1100\/revisions"}],"predecessor-version":[{"id":1839,"href":"https:\/\/wp.laboratoriosvillarreal.com\/index.php\/wp-json\/wp\/v2\/pages\/1100\/revisions\/1839"}],"wp:attachment":[{"href":"https:\/\/wp.laboratoriosvillarreal.com\/index.php\/wp-json\/wp\/v2\/media?parent=1100"}],"curies":[{"name":"wp","href":"https:\/\/api.w.org\/{rel}","templated":true}]}}